{"id":1336,"date":"2013-04-07T21:13:52","date_gmt":"2013-04-07T19:13:52","guid":{"rendered":"http:\/\/www.kriesi.at\/themes\/enfold\/?page_id=1336"},"modified":"2016-06-14T20:25:33","modified_gmt":"2016-06-14T18:25:33","slug":"blog","status":"publish","type":"page","link":"https:\/\/webmasters-toolbox.de\/en\/","title":{"rendered":"Blog"},"content":{"rendered":"<div  data-slideshow-options=\"{&quot;animation&quot;:&quot;fade&quot;,&quot;autoplay&quot;:false,&quot;loop_autoplay&quot;:&quot;once&quot;,&quot;interval&quot;:5,&quot;loop_manual&quot;:&quot;manual-endless&quot;,&quot;autoplay_stopper&quot;:false,&quot;noNavigation&quot;:false,&quot;show_slide_delay&quot;:90}\" class='avia-content-slider avia-content-grid-active avia-content-slider1 avia-content-slider-odd  avia-builder-el-0  avia-builder-el-no-sibling  av-slideshow-ui av-control-default   av-no-slider-navigation av-slideshow-manual av-loop-once av-loop-manual-endless'  itemscope=\"itemscope\" itemtype=\"https:\/\/schema.org\/Blog\" ><div class=\"avia-content-slider-inner\"><div class=\"slide-entry-wrap\"><article class='slide-entry flex_column  post-entry post-entry-5242 slide-entry-overview slide-loop-1 slide-parity-odd  av_one_third first real-thumbnail posttype-post post-format-standard'  itemscope=\"itemscope\" itemtype=\"https:\/\/schema.org\/CreativeWork\" ><a href='https:\/\/webmasters-toolbox.de\/en\/domain-alter-als-seo-faktor-5-fakten-fuer-2026\/' data-rel='slide-1' class='slide-image' title='Domain-Alter als SEO-Faktor: 5 Fakten f\u00fcr 2026'><img decoding=\"async\" fetchpriority=\"high\" width=\"495\" height=\"400\" src=\"https:\/\/webmasters-toolbox.de\/wp-content\/uploads\/2026\/01\/openart-image_NJlb_NBL_1768051125509_raw-495x400.jpg\" class=\"wp-image-5272 avia-img-lazy-loading-not-5272 attachment-portfolio size-portfolio wp-post-image\" alt=\"\" \/><\/a><div class=\"slide-content\"><header class=\"entry-content-header\" aria-label=\"Slide: Domain-Alter als SEO-Faktor: 5 Fakten f\u00fcr 2026\"><span class=\"blog-categories minor-meta\"><a href=\"https:\/\/webmasters-toolbox.de\/en\/rankingfaktoren\/domainbezogen\/\" rel=\"tag\">Domainbezogen<\/a>, <a href=\"https:\/\/webmasters-toolbox.de\/en\/rankingfaktoren\/\" rel=\"tag\">Rankingfaktoren<\/a> <\/span><h3 class='slide-entry-title entry-title'  itemprop=\"headline\" ><a href='https:\/\/webmasters-toolbox.de\/en\/domain-alter-als-seo-faktor-5-fakten-fuer-2026\/' title='Domain-Alter als SEO-Faktor: 5 Fakten f\u00fcr 2026'>Domain-Alter als SEO-Faktor: 5 Fakten f\u00fcr 2026<\/a><\/h3><span class=\"av-vertical-delimiter\"><\/span><\/header><div class='slide-entry-excerpt entry-content'  itemprop=\"text\" >Warum bleibt das \"Domain-Alter\" auch nach Jahrzehnten algorithmischer Evolution eines der hei\u00dfesten Themen in der SEO-Branche? Es ist ein Mythos, der sich hartn\u00e4ckig h\u00e4lt, befeuert von Korrelationsstudien und dem Wunsch nach einer stabilen\u2026<\/div><\/div><footer class=\"entry-footer\"><div class=\"slide-meta\"><time class='slide-meta-time updated'  itemprop=\"datePublished\" datetime=\"2026-01-10T18:25:14+01:00\" >10. January 2026<\/time><div class=\"slide-meta-del\">\/<\/div><div class=\"slide-meta-comments\"><a href='https:\/\/webmasters-toolbox.de\/en\/domain-alter-als-seo-faktor-5-fakten-fuer-2026\/#respond'>0 Comments<\/a><\/div><\/div><\/footer><span class='hidden'>\n\t\t\t\t<span class='av-structured-data'  itemprop=\"image\" itemscope=\"itemscope\" itemtype=\"https:\/\/schema.org\/ImageObject\" >\n\t\t\t\t\t\t<span itemprop='url'>https:\/\/webmasters-toolbox.de\/wp-content\/uploads\/2026\/01\/openart-image_NJlb_NBL_1768051125509_raw.jpg<\/span>\n\t\t\t\t\t\t<span itemprop='height'>672<\/span>\n\t\t\t\t\t\t<span itemprop='width'>1584<\/span>\n\t\t\t\t<\/span>\n\t\t\t\t<span class='av-structured-data'  itemprop=\"publisher\" itemtype=\"https:\/\/schema.org\/Organization\" itemscope=\"itemscope\" >\n\t\t\t\t\t\t<span itemprop='name'>Web Master<\/span>\n\t\t\t\t\t\t<span itemprop='logo' itemscope itemtype='https:\/\/schema.org\/ImageObject'>\n\t\t\t\t\t\t\t<span itemprop='url'>https:\/\/webmasters-toolbox.de\/wp-content\/uploads\/2016\/03\/toolbox-logo-300x138.png<\/span>\n\t\t\t\t\t\t<\/span>\n\t\t\t\t<\/span><span class='av-structured-data'  itemprop=\"author\" itemscope=\"itemscope\" itemtype=\"https:\/\/schema.org\/Person\" ><span itemprop='name'>Web Master<\/span><\/span><span class='av-structured-data'  itemprop=\"datePublished\" datetime=\"2013-04-07T21:13:52+02:00\" >2026-01-10 18:25:14<\/span><span class='av-structured-data'  itemprop=\"dateModified\" itemtype=\"https:\/\/schema.org\/dateModified\" >2026-01-10 18:34:17<\/span><span class='av-structured-data'  itemprop=\"mainEntityOfPage\" itemtype=\"https:\/\/schema.org\/mainEntityOfPage\" ><span itemprop='name'>Domain-Alter als SEO-Faktor: 5 Fakten f\u00fcr 2026<\/span><\/span><\/span><\/article><article class='slide-entry flex_column  post-entry post-entry-5186 slide-entry-overview slide-loop-2 slide-parity-even  av_one_third  real-thumbnail posttype-post post-format-standard'  itemscope=\"itemscope\" itemtype=\"https:\/\/schema.org\/CreativeWork\" ><a href='https:\/\/webmasters-toolbox.de\/en\/keywords-in-der-domain-tld-4-fakten-fuer-2026\/' data-rel='slide-1' class='slide-image' title='Keywords in der Domain \/ TLD &#8211; 4 Fakten f\u00fcr 2026'><img decoding=\"async\" fetchpriority=\"high\" width=\"495\" height=\"400\" src=\"https:\/\/webmasters-toolbox.de\/wp-content\/uploads\/2026\/01\/openart-image_pbhoACXs_1767973513857_raw-495x400.jpg\" class=\"wp-image-5220 avia-img-lazy-loading-not-5220 attachment-portfolio size-portfolio wp-post-image\" alt=\"Keywords in der Domain \/ TLD \u2013 4 Fakten f\u00fcr 2026\" \/><\/a><div class=\"slide-content\"><header class=\"entry-content-header\" aria-label=\"Slide: Keywords in der Domain \/ TLD - 4 Fakten f\u00fcr 2026\"><span class=\"blog-categories minor-meta\"><a href=\"https:\/\/webmasters-toolbox.de\/en\/rankingfaktoren\/domainbezogen\/\" rel=\"tag\">Domainbezogen<\/a>, <a href=\"https:\/\/webmasters-toolbox.de\/en\/rankingfaktoren\/\" rel=\"tag\">Rankingfaktoren<\/a> <\/span><h3 class='slide-entry-title entry-title'  itemprop=\"headline\" ><a href='https:\/\/webmasters-toolbox.de\/en\/keywords-in-der-domain-tld-4-fakten-fuer-2026\/' title='Keywords in der Domain \/ TLD &#8211; 4 Fakten f\u00fcr 2026'>Keywords in der Domain \/ TLD &#8211; 4 Fakten f\u00fcr 2026<\/a><\/h3><span class=\"av-vertical-delimiter\"><\/span><\/header><div class='slide-entry-excerpt entry-content'  itemprop=\"text\" >Ein alter SEO-Mythos auf dem Pr\u00fcfstand\r\nSeit den Anf\u00e4ngen der Suchmaschinenoptimierung gilt es als eiserne Regel: Ein Keyword im Domainnamen ist ein klarer Vorteil f\u00fcr das Ranking. Wer \"bio-kaffee\" verkauft, sollte auch bio-kaffee-kaufen.de\u2026<\/div><\/div><footer class=\"entry-footer\"><div class=\"slide-meta\"><time class='slide-meta-time updated'  itemprop=\"datePublished\" datetime=\"2026-01-09T16:51:49+01:00\" >9. January 2026<\/time><div class=\"slide-meta-del\">\/<\/div><div class=\"slide-meta-comments\"><a href='https:\/\/webmasters-toolbox.de\/en\/keywords-in-der-domain-tld-4-fakten-fuer-2026\/#respond'>0 Comments<\/a><\/div><\/div><\/footer><span class='hidden'>\n\t\t\t\t<span class='av-structured-data'  itemprop=\"image\" itemscope=\"itemscope\" itemtype=\"https:\/\/schema.org\/ImageObject\" >\n\t\t\t\t\t\t<span itemprop='url'>https:\/\/webmasters-toolbox.de\/wp-content\/uploads\/2026\/01\/openart-image_pbhoACXs_1767973513857_raw.jpg<\/span>\n\t\t\t\t\t\t<span itemprop='height'>672<\/span>\n\t\t\t\t\t\t<span itemprop='width'>1584<\/span>\n\t\t\t\t<\/span>\n\t\t\t\t<span class='av-structured-data'  itemprop=\"publisher\" itemtype=\"https:\/\/schema.org\/Organization\" itemscope=\"itemscope\" >\n\t\t\t\t\t\t<span itemprop='name'>Web Master<\/span>\n\t\t\t\t\t\t<span itemprop='logo' itemscope itemtype='https:\/\/schema.org\/ImageObject'>\n\t\t\t\t\t\t\t<span itemprop='url'>https:\/\/webmasters-toolbox.de\/wp-content\/uploads\/2016\/03\/toolbox-logo-300x138.png<\/span>\n\t\t\t\t\t\t<\/span>\n\t\t\t\t<\/span><span class='av-structured-data'  itemprop=\"author\" itemscope=\"itemscope\" itemtype=\"https:\/\/schema.org\/Person\" ><span itemprop='name'>Web Master<\/span><\/span><span class='av-structured-data'  itemprop=\"datePublished\" datetime=\"2013-04-07T21:13:52+02:00\" >2026-01-09 16:51:49<\/span><span class='av-structured-data'  itemprop=\"dateModified\" itemtype=\"https:\/\/schema.org\/dateModified\" >2026-01-10 10:37:41<\/span><span class='av-structured-data'  itemprop=\"mainEntityOfPage\" itemtype=\"https:\/\/schema.org\/mainEntityOfPage\" ><span itemprop='name'>Keywords in der Domain \/ TLD &#8211; 4 Fakten f\u00fcr 2026<\/span><\/span><\/span><\/article><article class='slide-entry flex_column  post-entry post-entry-5174 slide-entry-overview slide-loop-3 slide-parity-odd  av_one_third  real-thumbnail posttype-post post-format-standard'  itemscope=\"itemscope\" itemtype=\"https:\/\/schema.org\/CreativeWork\" ><a href='https:\/\/webmasters-toolbox.de\/en\/pretty-links-vs-thirstyaffiliates-welches-affiliate-plugin-ist-das-bessere\/' data-rel='slide-1' class='slide-image' title='Pretty Links vs. ThirstyAffiliates: Welches Affiliate-Plugin ist das bessere?'><img decoding=\"async\" fetchpriority=\"high\" width=\"495\" height=\"400\" src=\"https:\/\/webmasters-toolbox.de\/wp-content\/uploads\/2026\/01\/openart-image_ns5_gIbL_1767875279227_raw-495x400.jpg\" class=\"wp-image-5179 avia-img-lazy-loading-not-5179 attachment-portfolio size-portfolio wp-post-image\" alt=\"Pretty Links vs. ThirstyAffiliates: Welches Affiliate-Plugin ist das bessere?\" srcset=\"https:\/\/webmasters-toolbox.de\/wp-content\/uploads\/2026\/01\/openart-image_ns5_gIbL_1767875279227_raw-495x400.jpg 495w, https:\/\/webmasters-toolbox.de\/wp-content\/uploads\/2026\/01\/openart-image_ns5_gIbL_1767875279227_raw-845x684.jpg 845w\" sizes=\"(max-width: 495px) 100vw, 495px\" \/><\/a><div class=\"slide-content\"><header class=\"entry-content-header\" aria-label=\"Slide: Pretty Links vs. ThirstyAffiliates: Welches Affiliate-Plugin ist das bessere?\"><span class=\"blog-categories minor-meta\"><a href=\"https:\/\/webmasters-toolbox.de\/en\/wordpress\/\" rel=\"tag\">WordPress<\/a> <\/span><h3 class='slide-entry-title entry-title'  itemprop=\"headline\" ><a href='https:\/\/webmasters-toolbox.de\/en\/pretty-links-vs-thirstyaffiliates-welches-affiliate-plugin-ist-das-bessere\/' title='Pretty Links vs. ThirstyAffiliates: Welches Affiliate-Plugin ist das bessere?'>Pretty Links vs. ThirstyAffiliates: Welches Affiliate-Plugin ist das bessere?<\/a><\/h3><span class=\"av-vertical-delimiter\"><\/span><\/header><div class='slide-entry-excerpt entry-content'  itemprop=\"text\" >Wer seine Affiliate-Links professionell maskieren m\u00f6chte, kommt an zwei WordPress-Schwergewichten nicht vorbei: Pretty Links und ThirstyAffiliates. Beide Plugins dominieren den Markt, beide kommen aus derselben Entwicklerschmiede \u2013 und doch\u2026<\/div><\/div><footer class=\"entry-footer\"><div class=\"slide-meta\"><time class='slide-meta-time updated'  itemprop=\"datePublished\" datetime=\"2026-01-08T13:24:19+01:00\" >8. January 2026<\/time><div class=\"slide-meta-del\">\/<\/div><div class=\"slide-meta-comments\"><a href='https:\/\/webmasters-toolbox.de\/en\/pretty-links-vs-thirstyaffiliates-welches-affiliate-plugin-ist-das-bessere\/#respond'>0 Comments<\/a><\/div><\/div><\/footer><span class='hidden'>\n\t\t\t\t<span class='av-structured-data'  itemprop=\"image\" itemscope=\"itemscope\" itemtype=\"https:\/\/schema.org\/ImageObject\" >\n\t\t\t\t\t\t<span itemprop='url'>https:\/\/webmasters-toolbox.de\/wp-content\/uploads\/2026\/01\/openart-image_ns5_gIbL_1767875279227_raw.jpg<\/span>\n\t\t\t\t\t\t<span itemprop='height'>768<\/span>\n\t\t\t\t\t\t<span itemprop='width'>1376<\/span>\n\t\t\t\t<\/span>\n\t\t\t\t<span class='av-structured-data'  itemprop=\"publisher\" itemtype=\"https:\/\/schema.org\/Organization\" itemscope=\"itemscope\" >\n\t\t\t\t\t\t<span itemprop='name'>Web Master<\/span>\n\t\t\t\t\t\t<span itemprop='logo' itemscope itemtype='https:\/\/schema.org\/ImageObject'>\n\t\t\t\t\t\t\t<span itemprop='url'>https:\/\/webmasters-toolbox.de\/wp-content\/uploads\/2016\/03\/toolbox-logo-300x138.png<\/span>\n\t\t\t\t\t\t<\/span>\n\t\t\t\t<\/span><span class='av-structured-data'  itemprop=\"author\" itemscope=\"itemscope\" itemtype=\"https:\/\/schema.org\/Person\" ><span itemprop='name'>Web Master<\/span><\/span><span class='av-structured-data'  itemprop=\"datePublished\" datetime=\"2013-04-07T21:13:52+02:00\" >2026-01-08 13:24:19<\/span><span class='av-structured-data'  itemprop=\"dateModified\" itemtype=\"https:\/\/schema.org\/dateModified\" >2026-01-08 14:11:36<\/span><span class='av-structured-data'  itemprop=\"mainEntityOfPage\" itemtype=\"https:\/\/schema.org\/mainEntityOfPage\" ><span itemprop='name'>Pretty Links vs. ThirstyAffiliates: Welches Affiliate-Plugin ist das bessere?<\/span><\/span><\/span><\/article><\/div><div class=\"slide-entry-wrap\"><article class='slide-entry flex_column  post-entry post-entry-5161 slide-entry-overview slide-loop-4 slide-parity-odd  av_one_third first real-thumbnail posttype-post post-format-standard'  itemscope=\"itemscope\" itemtype=\"https:\/\/schema.org\/CreativeWork\" ><a href='https:\/\/webmasters-toolbox.de\/en\/affiliate-link-cloaking-mehr-klicks-und-vertrauen-ohne-seo-risiko\/' data-rel='slide-1' class='slide-image' title='Affiliate Link Cloaking: Mehr Klicks und Vertrauen ohne SEO-Risiko'><img decoding=\"async\" fetchpriority=\"high\" width=\"495\" height=\"400\" src=\"https:\/\/webmasters-toolbox.de\/wp-content\/uploads\/2026\/01\/openart-image_yZMireBW_1767870795205_raw-495x400.jpg\" class=\"wp-image-5171 avia-img-lazy-loading-not-5171 attachment-portfolio size-portfolio wp-post-image\" alt=\"Affiliate Link Cloaking: Mehr Klicks und Vertrauen ohne SEO-Risiko\" \/><\/a><div class=\"slide-content\"><header class=\"entry-content-header\" aria-label=\"Slide: Affiliate Link Cloaking: Mehr Klicks und Vertrauen ohne SEO-Risiko\"><span class=\"blog-categories minor-meta\"><a href=\"https:\/\/webmasters-toolbox.de\/en\/monetarisierung\/\" rel=\"tag\">Monetarisierung<\/a> <\/span><h3 class='slide-entry-title entry-title'  itemprop=\"headline\" ><a href='https:\/\/webmasters-toolbox.de\/en\/affiliate-link-cloaking-mehr-klicks-und-vertrauen-ohne-seo-risiko\/' title='Affiliate Link Cloaking: Mehr Klicks und Vertrauen ohne SEO-Risiko'>Affiliate Link Cloaking: Mehr Klicks und Vertrauen ohne SEO-Risiko<\/a><\/h3><span class=\"av-vertical-delimiter\"><\/span><\/header><div class='slide-entry-excerpt entry-content'  itemprop=\"text\" >Wer im Affiliate-Marketing erfolgreich sein will, stolpert fr\u00fcher oder sp\u00e4ter \u00fcber einen Begriff, der in der SEO-Welt oft f\u00fcr Stirnrunzeln sorgt: Cloaking. Doch w\u00e4hrend \"klassisches\" Cloaking eine riskante Black-Hat-Methode zur Suchmaschinen-T\u00e4uschung\u2026<\/div><\/div><footer class=\"entry-footer\"><div class=\"slide-meta\"><time class='slide-meta-time updated'  itemprop=\"datePublished\" datetime=\"2026-01-08T12:05:05+01:00\" >8. January 2026<\/time><div class=\"slide-meta-del\">\/<\/div><div class=\"slide-meta-comments\"><a href='https:\/\/webmasters-toolbox.de\/en\/affiliate-link-cloaking-mehr-klicks-und-vertrauen-ohne-seo-risiko\/#respond'>0 Comments<\/a><\/div><\/div><\/footer><span class='hidden'>\n\t\t\t\t<span class='av-structured-data'  itemprop=\"image\" itemscope=\"itemscope\" itemtype=\"https:\/\/schema.org\/ImageObject\" >\n\t\t\t\t\t\t<span itemprop='url'>https:\/\/webmasters-toolbox.de\/wp-content\/uploads\/2026\/01\/openart-image_yZMireBW_1767870795205_raw.jpg<\/span>\n\t\t\t\t\t\t<span itemprop='height'>672<\/span>\n\t\t\t\t\t\t<span itemprop='width'>1584<\/span>\n\t\t\t\t<\/span>\n\t\t\t\t<span class='av-structured-data'  itemprop=\"publisher\" itemtype=\"https:\/\/schema.org\/Organization\" itemscope=\"itemscope\" >\n\t\t\t\t\t\t<span itemprop='name'>Web Master<\/span>\n\t\t\t\t\t\t<span itemprop='logo' itemscope itemtype='https:\/\/schema.org\/ImageObject'>\n\t\t\t\t\t\t\t<span itemprop='url'>https:\/\/webmasters-toolbox.de\/wp-content\/uploads\/2016\/03\/toolbox-logo-300x138.png<\/span>\n\t\t\t\t\t\t<\/span>\n\t\t\t\t<\/span><span class='av-structured-data'  itemprop=\"author\" itemscope=\"itemscope\" itemtype=\"https:\/\/schema.org\/Person\" ><span itemprop='name'>Web Master<\/span><\/span><span class='av-structured-data'  itemprop=\"datePublished\" datetime=\"2013-04-07T21:13:52+02:00\" >2026-01-08 12:05:05<\/span><span class='av-structured-data'  itemprop=\"dateModified\" itemtype=\"https:\/\/schema.org\/dateModified\" >2026-01-08 13:26:00<\/span><span class='av-structured-data'  itemprop=\"mainEntityOfPage\" itemtype=\"https:\/\/schema.org\/mainEntityOfPage\" ><span itemprop='name'>Affiliate Link Cloaking: Mehr Klicks und Vertrauen ohne SEO-Risiko<\/span><\/span><\/span><\/article><article class='slide-entry flex_column  post-entry post-entry-5139 slide-entry-overview slide-loop-5 slide-parity-even  av_one_third  real-thumbnail posttype-post post-format-standard'  itemscope=\"itemscope\" itemtype=\"https:\/\/schema.org\/CreativeWork\" ><a href='https:\/\/webmasters-toolbox.de\/en\/seo-2026-5-veraenderungen-die-du-2026-auf-dem-schirm-haben-musst\/' data-rel='slide-1' class='slide-image' title='SEO 2026: 5 Ver\u00e4nderungen, die Du 2026 auf dem Schirm haben musst'><img decoding=\"async\" fetchpriority=\"high\" width=\"495\" height=\"400\" src=\"https:\/\/webmasters-toolbox.de\/wp-content\/uploads\/2026\/01\/unnamed-1-495x400.png\" class=\"wp-image-5150 avia-img-lazy-loading-not-5150 attachment-portfolio size-portfolio wp-post-image\" alt=\"SEO 2026: Warum Vertrauen die neue W\u00e4hrung ist und 5 Regeln Ihre Strategie ver\u00e4ndern m\u00fcssen\" srcset=\"https:\/\/webmasters-toolbox.de\/wp-content\/uploads\/2026\/01\/unnamed-1-495x400.png 495w, https:\/\/webmasters-toolbox.de\/wp-content\/uploads\/2026\/01\/unnamed-1-845x684.png 845w\" sizes=\"(max-width: 495px) 100vw, 495px\" \/><\/a><div class=\"slide-content\"><header class=\"entry-content-header\" aria-label=\"Slide: SEO 2026: 5 Ver\u00e4nderungen, die Du 2026 auf dem Schirm haben musst\"><span class=\"blog-categories minor-meta\"><a href=\"https:\/\/webmasters-toolbox.de\/en\/seo-basics\/\" rel=\"tag\">SEO-Basics<\/a> <\/span><h3 class='slide-entry-title entry-title'  itemprop=\"headline\" ><a href='https:\/\/webmasters-toolbox.de\/en\/seo-2026-5-veraenderungen-die-du-2026-auf-dem-schirm-haben-musst\/' title='SEO 2026: 5 Ver\u00e4nderungen, die Du 2026 auf dem Schirm haben musst'>SEO 2026: 5 Ver\u00e4nderungen, die Du 2026 auf dem Schirm haben musst<\/a><\/h3><span class=\"av-vertical-delimiter\"><\/span><\/header><div class='slide-entry-excerpt entry-content'  itemprop=\"text\" >SO 2026 - F\u00fchlst Du es auch? SEO, so wie wir es kannten, neigt sich dem Ende zu. Dieses wachsende Gef\u00fchl unter Marketern, dass sich die Spielregeln der Suchmaschinenoptimierung grundlegend \u00e4ndern, ist real. Traditionelle Taktiken verlieren\u2026<\/div><\/div><footer class=\"entry-footer\"><div class=\"slide-meta\"><time class='slide-meta-time updated'  itemprop=\"datePublished\" datetime=\"2026-01-02T09:39:54+01:00\" >2. January 2026<\/time><div class=\"slide-meta-del\">\/<\/div><div class=\"slide-meta-comments\"><a href='https:\/\/webmasters-toolbox.de\/en\/seo-2026-5-veraenderungen-die-du-2026-auf-dem-schirm-haben-musst\/#respond'>0 Comments<\/a><\/div><\/div><\/footer><span class='hidden'>\n\t\t\t\t<span class='av-structured-data'  itemprop=\"image\" itemscope=\"itemscope\" itemtype=\"https:\/\/schema.org\/ImageObject\" >\n\t\t\t\t\t\t<span itemprop='url'>https:\/\/webmasters-toolbox.de\/wp-content\/uploads\/2026\/01\/unnamed-1-scaled.png<\/span>\n\t\t\t\t\t\t<span itemprop='height'>1429<\/span>\n\t\t\t\t\t\t<span itemprop='width'>2560<\/span>\n\t\t\t\t<\/span>\n\t\t\t\t<span class='av-structured-data'  itemprop=\"publisher\" itemtype=\"https:\/\/schema.org\/Organization\" itemscope=\"itemscope\" >\n\t\t\t\t\t\t<span itemprop='name'>Axel H\u00f6rnke<\/span>\n\t\t\t\t\t\t<span itemprop='logo' itemscope itemtype='https:\/\/schema.org\/ImageObject'>\n\t\t\t\t\t\t\t<span itemprop='url'>https:\/\/webmasters-toolbox.de\/wp-content\/uploads\/2016\/03\/toolbox-logo-300x138.png<\/span>\n\t\t\t\t\t\t<\/span>\n\t\t\t\t<\/span><span class='av-structured-data'  itemprop=\"author\" itemscope=\"itemscope\" itemtype=\"https:\/\/schema.org\/Person\" ><span itemprop='name'>Axel H\u00f6rnke<\/span><\/span><span class='av-structured-data'  itemprop=\"datePublished\" datetime=\"2013-04-07T21:13:52+02:00\" >2026-01-02 09:39:54<\/span><span class='av-structured-data'  itemprop=\"dateModified\" itemtype=\"https:\/\/schema.org\/dateModified\" >2026-01-02 10:37:06<\/span><span class='av-structured-data'  itemprop=\"mainEntityOfPage\" itemtype=\"https:\/\/schema.org\/mainEntityOfPage\" ><span itemprop='name'>SEO 2026: 5 Ver\u00e4nderungen, die Du 2026 auf dem Schirm haben musst<\/span><\/span><\/span><\/article><article class='slide-entry flex_column  post-entry post-entry-5040 slide-entry-overview slide-loop-6 slide-parity-odd  post-entry-last  av_one_third  real-thumbnail posttype-post post-format-standard'  itemscope=\"itemscope\" itemtype=\"https:\/\/schema.org\/CreativeWork\" ><a href='https:\/\/webmasters-toolbox.de\/en\/google-search-console-einrichten\/' data-rel='slide-1' class='slide-image' title='Google Search Console einrichten'><img decoding=\"async\" fetchpriority=\"high\" width=\"495\" height=\"330\" src=\"https:\/\/webmasters-toolbox.de\/wp-content\/uploads\/2025\/10\/20251023_1611_Growing-Data-Insights_simple_compose_01k88pfqase52r3b6ygvndax07.png\" class=\"wp-image-5045 avia-img-lazy-loading-not-5045 attachment-portfolio size-portfolio wp-post-image\" alt=\"Google Search Console mit Wachstumsdiagramm\" srcset=\"https:\/\/webmasters-toolbox.de\/wp-content\/uploads\/2025\/10\/20251023_1611_Growing-Data-Insights_simple_compose_01k88pfqase52r3b6ygvndax07.png 1536w, https:\/\/webmasters-toolbox.de\/wp-content\/uploads\/2025\/10\/20251023_1611_Growing-Data-Insights_simple_compose_01k88pfqase52r3b6ygvndax07-300x200.png 300w\" sizes=\"(max-width: 495px) 100vw, 495px\" \/><\/a><div class=\"slide-content\"><header class=\"entry-content-header\" aria-label=\"Slide: Google Search Console einrichten\"><span class=\"blog-categories minor-meta\"><a href=\"https:\/\/webmasters-toolbox.de\/en\/analytik\/\" rel=\"tag\">Analytik<\/a> <\/span><h3 class='slide-entry-title entry-title'  itemprop=\"headline\" ><a href='https:\/\/webmasters-toolbox.de\/en\/google-search-console-einrichten\/' title='Google Search Console einrichten'>Google Search Console einrichten<\/a><\/h3><span class=\"av-vertical-delimiter\"><\/span><\/header><div class='slide-entry-excerpt entry-content'  itemprop=\"text\" >Schritt-f\u00fcr-Schritt-Anleitung f\u00fcr WordPress-Websites\r\nHerzlichen Gl\u00fcckwunsch zur neuen Website! Jetzt, wo dein Blog online ist, ist es Zeit f\u00fcr einen der wichtigsten Schritte: das Setup der Google Search Console (GSC).\r\nDie GSC (fr\u00fcher\u2026<\/div><\/div><footer class=\"entry-footer\"><div class=\"slide-meta\"><time class='slide-meta-time updated'  itemprop=\"datePublished\" datetime=\"2025-10-25T15:25:13+02:00\" >25. October 2025<\/time><div class=\"slide-meta-del\">\/<\/div><div class=\"slide-meta-comments\"><a href='https:\/\/webmasters-toolbox.de\/en\/google-search-console-einrichten\/#respond'>0 Comments<\/a><\/div><\/div><\/footer><span class='hidden'>\n\t\t\t\t<span class='av-structured-data'  itemprop=\"image\" itemscope=\"itemscope\" itemtype=\"https:\/\/schema.org\/ImageObject\" >\n\t\t\t\t\t\t<span itemprop='url'>https:\/\/webmasters-toolbox.de\/wp-content\/uploads\/2025\/10\/20251023_1611_Growing-Data-Insights_simple_compose_01k88pfqase52r3b6ygvndax07.png<\/span>\n\t\t\t\t\t\t<span itemprop='height'>1024<\/span>\n\t\t\t\t\t\t<span itemprop='width'>1536<\/span>\n\t\t\t\t<\/span>\n\t\t\t\t<span class='av-structured-data'  itemprop=\"publisher\" itemtype=\"https:\/\/schema.org\/Organization\" itemscope=\"itemscope\" >\n\t\t\t\t\t\t<span itemprop='name'>Web Master<\/span>\n\t\t\t\t\t\t<span itemprop='logo' itemscope itemtype='https:\/\/schema.org\/ImageObject'>\n\t\t\t\t\t\t\t<span itemprop='url'>https:\/\/webmasters-toolbox.de\/wp-content\/uploads\/2016\/03\/toolbox-logo-300x138.png<\/span>\n\t\t\t\t\t\t<\/span>\n\t\t\t\t<\/span><span class='av-structured-data'  itemprop=\"author\" itemscope=\"itemscope\" itemtype=\"https:\/\/schema.org\/Person\" ><span itemprop='name'>Web Master<\/span><\/span><span class='av-structured-data'  itemprop=\"datePublished\" datetime=\"2013-04-07T21:13:52+02:00\" >2025-10-25 15:25:13<\/span><span class='av-structured-data'  itemprop=\"dateModified\" itemtype=\"https:\/\/schema.org\/dateModified\" >2025-10-25 15:25:13<\/span><span class='av-structured-data'  itemprop=\"mainEntityOfPage\" itemtype=\"https:\/\/schema.org\/mainEntityOfPage\" ><span itemprop='name'>Google Search Console einrichten<\/span><\/span><\/span><\/article><\/div><\/div><div class='pagination-wrap pagination-slider'><nav class='pagination'><span class='pagination-meta'>Page 1 of 4<\/span><span class='current'>1<\/span><a href='https:\/\/webmasters-toolbox.de\/en\/wp-json\/wp\/v2\/pages\/1336\/?avia-element-paging=2' class='inactive next_page' >2<\/a><a href='https:\/\/webmasters-toolbox.de\/en\/wp-json\/wp\/v2\/pages\/1336\/?avia-element-paging=3' class='inactive' >3<\/a><a href='https:\/\/webmasters-toolbox.de\/en\/wp-json\/wp\/v2\/pages\/1336\/?avia-element-paging=4' class='inactive' >4<\/a><\/nav>\n<\/div><\/div>","protected":false},"excerpt":{"rendered":"","protected":false},"author":2,"featured_media":0,"parent":0,"menu_order":0,"comment_status":"open","ping_status":"closed","template":"","meta":{"footnotes":""},"class_list":["post-1336","page","type-page","status-publish","hentry"],"_links":{"self":[{"href":"https:\/\/webmasters-toolbox.de\/en\/wp-json\/wp\/v2\/pages\/1336","targetHints":{"allow":["GET"]}}],"collection":[{"href":"https:\/\/webmasters-toolbox.de\/en\/wp-json\/wp\/v2\/pages"}],"about":[{"href":"https:\/\/webmasters-toolbox.de\/en\/wp-json\/wp\/v2\/types\/page"}],"author":[{"embeddable":true,"href":"https:\/\/webmasters-toolbox.de\/en\/wp-json\/wp\/v2\/users\/2"}],"replies":[{"embeddable":true,"href":"https:\/\/webmasters-toolbox.de\/en\/wp-json\/wp\/v2\/comments?post=1336"}],"version-history":[{"count":0,"href":"https:\/\/webmasters-toolbox.de\/en\/wp-json\/wp\/v2\/pages\/1336\/revisions"}],"wp:attachment":[{"href":"https:\/\/webmasters-toolbox.de\/en\/wp-json\/wp\/v2\/media?parent=1336"}],"curies":[{"name":"wp","href":"https:\/\/api.w.org\/{rel}","templated":true}]}}