{"id":3301,"date":"2016-04-20T19:41:07","date_gmt":"2016-04-20T17:41:07","guid":{"rendered":"http:\/\/webmasters-toolbox.de\/?post_type=product&#038;p=3301"},"modified":"2025-01-18T15:12:32","modified_gmt":"2025-01-18T14:12:32","slug":"adminer","status":"publish","type":"product","link":"https:\/\/webmasters-toolbox.de\/en\/toolbox\/adminer\/","title":{"rendered":"Adminer"},"content":{"rendered":"<p>Extrem schlank. extrem schnell. extrem gut!<\/p>\n<p>Das PHP-Skript Adminer l\u00e4sst sich im Handumdrehen als Web-Frontend einrichten und bietet alle notwendigen Funktionen zum Administrieren einer Datenbank.<\/p>\n<p>Das php-Skript wird lediglich in das Webverzeichnis gelegt, beim ersten Aufruf werden die Log\u00edn-Daten abgefragt.<\/p>\n<p>Neben MySQL werden auch PostgreSQL, SQLite, MS SQL und Oracle unterst\u00fctzt.<\/p>\n<h2>Funktionen (Auszug)<\/h2>\n<ul>\n<li>Unterst\u00fctzung mehrerer Sprachen (36) erleichtert die Zusammenarbeit in internationalen Teams<\/li>\n<li>Verwendet landesspezifische Formatierung des Datums<\/li>\n<li>Erm\u00f6glicht Versand von Mitteilungen an die Email-Adressen, die in der Tabelle vorkommen<\/li>\n<li>Interface zum Selektieren und Editieren von Daten<\/li>\n<li>Zugangsdaten zum Interface sind unterschiedlich zu denen von der Datenbank<\/li>\n<li>Zeigt Bilder die in BLOBs gespeichert sind an<\/li>\n<li>Zeigt Checkboxen und Icons f\u00fcr BOOLs an<\/li>\n<li>Durch Plugins erweiterbar<\/li>\n<li>Umfangreiches Plugin <a href=\"https:\/\/www.adminer.org\/de\/plugins\/\" target=\"_blank\" rel=\"noopener\">Repository<\/a><\/li>\n<li><strong>Connect<\/strong> zur Datenbank mit Benutzername und Passwort<\/li>\n<li>Selektieren einer existierenden <strong>Datenbank<\/strong> \u00fcder Erzeugen einer Neuen<\/li>\n<li>Auflisten vom Feldern, Indizes, Fremdschl\u00fcsseln und Triggern einer Tabelle<\/li>\n<li>\u00c4ndern von Name, Speicher-Engine, Collation, Auto_Increment und Kommentaren von <strong>Tabellen<\/strong><\/li>\n<li>\u00c4ndern von Name,Typ, Collation, Kommentaren and Standardwerten der <strong>Spalten<\/strong><\/li>\n<li>Hinzuf\u00fcgen und L\u00f6schen von Tabellen und Spalten<\/li>\n<li>Erzeugen, \u00c4ndern und Suchen \u00fcber <strong>Indizes<\/strong> mit Volltextsuche<\/li>\n<li>Erzeugen, \u00c4ndern, L\u00f6schen und Linklisten von <strong>Fremdschl\u00fcsseln<\/strong><\/li>\n<li>Erzeugen, \u00c4ndern und Selektieren von <strong>Views<\/strong><\/li>\n<li>Erzeugen, \u00c4ndern und Aufrufen von <strong>Stored Procedures und Functions<\/strong><\/li>\n<li>Erzeugen, \u00c4ndern und L\u00f6schen von <strong>Triggern<\/strong><\/li>\n<li><strong>Anzeige der Daten<\/strong> in Tabellen mit Suchfunktion, Zusammenfassung und Sortierung<\/li>\n<li>F\u00fcgt neue <strong>Datens\u00e4tze<\/strong>ein und \u00e4ndert oder l\u00f6scht bestehende Datens\u00e4tze<\/li>\n<li>Unterst\u00fctzt alle <strong>Daten Typen<\/strong>, Blobs \u00fcber File Transfer<\/li>\n<li>F\u00fchrt <strong>SQL Befehle<\/strong> \u00fcber ein Eingabefeld oder eine Datei aus<\/li>\n<li><strong>Exportiert<\/strong> Tablenstruktur, Daten, Views, Routinen und Datenbanken als SQL oder CSV<\/li>\n<li>Druckt das <strong>Datenbank Schema<\/strong> verbunden \u00fcber Fremdschl\u00fcssel<\/li>\n<li>Zeigt <strong>Prozesse<\/strong> und bricht sie ab<\/li>\n<li>Zeigt <strong>Benutzer und Rechte<\/strong> und \u00e4ndert sie<\/li>\n<li>Zeigt <strong>Variablen<\/strong> mit Verklinkung zur Documentation<\/li>\n<li><strong>Event manager<\/strong> und <strong>Tabellen Partionierung<\/strong> (MySQL 5.1)<\/li>\n<li>Schemas, sequences, user types (PostgreSQL)<\/li>\n<li><a href=\"https:\/\/www.adminer.org\/de\/extension\/\" target=\"_blank\" rel=\"noopener\">Umfangreiche <strong>Anpassung<\/strong> m\u00f6glich<\/a><\/li>\n<\/ul>","protected":false},"excerpt":{"rendered":"<p>Datenbank-Verwaltung in einer einzigen PHP-Datei<\/p>","protected":false},"featured_media":4233,"comment_status":"open","ping_status":"closed","template":"","meta":[],"product_brand":[],"product_cat":[207],"product_tag":[209,210,208],"class_list":{"0":"post-3301","1":"product","2":"type-product","3":"status-publish","4":"has-post-thumbnail","6":"product_cat-datenbankverwaltung","7":"product_tag-admin","8":"product_tag-frontend","9":"product_tag-mysql","11":"first","12":"instock","13":"featured","14":"shipping-taxable","15":"product-type-external"},"_links":{"self":[{"href":"https:\/\/webmasters-toolbox.de\/en\/wp-json\/wp\/v2\/product\/3301","targetHints":{"allow":["GET"]}}],"collection":[{"href":"https:\/\/webmasters-toolbox.de\/en\/wp-json\/wp\/v2\/product"}],"about":[{"href":"https:\/\/webmasters-toolbox.de\/en\/wp-json\/wp\/v2\/types\/product"}],"replies":[{"embeddable":true,"href":"https:\/\/webmasters-toolbox.de\/en\/wp-json\/wp\/v2\/comments?post=3301"}],"wp:featuredmedia":[{"embeddable":true,"href":"https:\/\/webmasters-toolbox.de\/en\/wp-json\/wp\/v2\/media\/4233"}],"wp:attachment":[{"href":"https:\/\/webmasters-toolbox.de\/en\/wp-json\/wp\/v2\/media?parent=3301"}],"wp:term":[{"taxonomy":"product_brand","embeddable":true,"href":"https:\/\/webmasters-toolbox.de\/en\/wp-json\/wp\/v2\/product_brand?post=3301"},{"taxonomy":"product_cat","embeddable":true,"href":"https:\/\/webmasters-toolbox.de\/en\/wp-json\/wp\/v2\/product_cat?post=3301"},{"taxonomy":"product_tag","embeddable":true,"href":"https:\/\/webmasters-toolbox.de\/en\/wp-json\/wp\/v2\/product_tag?post=3301"}],"curies":[{"name":"wp","href":"https:\/\/api.w.org\/{rel}","templated":true}]}}