{"id":3312,"date":"2016-05-23T20:25:33","date_gmt":"2016-05-23T18:25:33","guid":{"rendered":"http:\/\/webmasters-toolbox.de\/?post_type=product&#038;p=3312"},"modified":"2016-06-05T13:32:05","modified_gmt":"2016-06-05T11:32:05","slug":"web-analytics-webcontrolling-edition-tdwi","status":"publish","type":"product","link":"https:\/\/webmasters-toolbox.de\/en\/toolbox\/web-analytics-webcontrolling-edition-tdwi\/","title":{"rendered":"Web Analytics &#038; Webcontrolling"},"content":{"rendered":"<h2>Webbasierte Business Intelligence zur Erfolgssicherung<\/h2>\n<p>Webbasierte Business Intelligence ist ein analytischer Prozess mit dem Ziel, die unternehmens- und wettbewerbsrelevanten Webdaten in Entscheidungen und Handlungsoptionen zu \u00fcberf\u00fchren. Geeignete Instrumente des Web Analytics und Web Controlling helfen, die Nachfrage der Webinhalte und das Verhalten der Nutzer zu messen und zu analysieren. Daraus ergeben sich Ma\u00dfnahmen, um die mit der Website zusammenh\u00e4ngenden Ziele zeitgerecht und in der geforderten Qualit\u00e4t zu erf\u00fcllen.<\/p>\n<p>Dieses Grundlagenwerk erl\u00e4utert die Methoden und Prozesse des Web Analytics und Web Controlling im Detail. Es beschreibt konkrete Webkennzahlen f\u00fcr die Inhaltsnutzung und das Besucherverhalten und zeigt, wie das Performance Measurement im digitalen Zeitalter funktioniert. Der Leser erh\u00e4lt wertvolle Hinweise z.B. bei der Optimierung der Webplattformen (Design, Navigation, Content, Usability), im Onlinemarketing (z.B. Kampagnen- und Suchmaschinenoptimierung), beim Kundenbeziehungsmanagement (Segmentierung, Gewinnung, Bindung) sowie beim Controlling der webbasierten Marktleistung (Sicherung des Unternehmens- und Kundenkapitals). Die behandelten Bereiche umfassen im Einzelnen:<\/p>\n<ul>\n<li>Webbasierte Gesch\u00e4ftsmodelle<\/li>\n<li>Business Intelligence &amp; Web Controlling<\/li>\n<li>Nutzenpotenziale des Web Controlling<\/li>\n<li>Metrikmodelle &amp; Webkennzahlen<\/li>\n<li>Auswertungen mit unscharfen Methoden<\/li>\n<li>Regelkreis Web Controlling<\/li>\n<li>Webbezogene Business Intelligence<\/li>\n<li>Softwareaspekte des Web Analytics &amp; Web Controlling<\/li>\n<li>Datenschutz &amp; Datensicherheit<\/li>\n<\/ul>\n<p>Das Buch richtet sich an F\u00fchrungsverantwortliche und Projektleiter in der Praxis, die Web Analytics und Web Controlling als strategisches Werkzeug der Business Intelligence verankern und umsetzen wollen.<\/p>","protected":false},"excerpt":{"rendered":"<p>Webbasierte Business Intelligence zur Erfolgssicherung Webbasierte Business Intelligence ist ein analytischer Prozess mit dem Ziel, die unternehmens- und wettbewerbsrelevanten Webdaten in Entscheidungen und Handlungsoptionen zu \u00fcberf\u00fchren. Geeignete Instrumente des Web Analytics und Web Controlling helfen, die Nachfrage der Webinhalte und das Verhalten der Nutzer zu messen und zu analysieren. Daraus ergeben sich Ma\u00dfnahmen, um die [&hellip;]<\/p>\n","protected":false},"featured_media":3399,"comment_status":"open","ping_status":"closed","template":"","meta":[],"product_brand":[],"product_cat":[211,212],"product_tag":[],"class_list":{"0":"post-3312","1":"product","2":"type-product","3":"status-publish","4":"has-post-thumbnail","6":"product_cat-fachliteratur","7":"product_cat-webanalytik","9":"first","10":"instock","11":"shipping-taxable","12":"product-type-external"},"_links":{"self":[{"href":"https:\/\/webmasters-toolbox.de\/en\/wp-json\/wp\/v2\/product\/3312","targetHints":{"allow":["GET"]}}],"collection":[{"href":"https:\/\/webmasters-toolbox.de\/en\/wp-json\/wp\/v2\/product"}],"about":[{"href":"https:\/\/webmasters-toolbox.de\/en\/wp-json\/wp\/v2\/types\/product"}],"replies":[{"embeddable":true,"href":"https:\/\/webmasters-toolbox.de\/en\/wp-json\/wp\/v2\/comments?post=3312"}],"wp:featuredmedia":[{"embeddable":true,"href":"https:\/\/webmasters-toolbox.de\/en\/wp-json\/wp\/v2\/media\/3399"}],"wp:attachment":[{"href":"https:\/\/webmasters-toolbox.de\/en\/wp-json\/wp\/v2\/media?parent=3312"}],"wp:term":[{"taxonomy":"product_brand","embeddable":true,"href":"https:\/\/webmasters-toolbox.de\/en\/wp-json\/wp\/v2\/product_brand?post=3312"},{"taxonomy":"product_cat","embeddable":true,"href":"https:\/\/webmasters-toolbox.de\/en\/wp-json\/wp\/v2\/product_cat?post=3312"},{"taxonomy":"product_tag","embeddable":true,"href":"https:\/\/webmasters-toolbox.de\/en\/wp-json\/wp\/v2\/product_tag?post=3312"}],"curies":[{"name":"wp","href":"https:\/\/api.w.org\/{rel}","templated":true}]}}