{"id":3398,"date":"2016-06-15T21:43:45","date_gmt":"2016-06-15T19:43:45","guid":{"rendered":"http:\/\/webmasters-toolbox.de\/?post_type=product&#038;p=3398"},"modified":"2018-05-02T15:27:13","modified_gmt":"2018-05-02T13:27:13","slug":"xovi","status":"publish","type":"product","link":"https:\/\/webmasters-toolbox.de\/en\/toolbox\/xovi\/","title":{"rendered":"XOVI"},"content":{"rendered":"<p>XOVI ist eine <strong>komplette<\/strong> und dabei sehr <strong>preiswerte Online Marketing Suite<\/strong> aus Deutschland. Der modulare Aufbau und die deutsch-sprachige Oberfl\u00e4che machen den Einstieg einfach. Weitere Erleichterungen bieten die Webinare, der Blog des XOVI Expertenrates und die XOVI Academy.<\/p>\n<p><strong>Zielgruppe<\/strong> sind Betreiber von Online Shops, Affiliate Websites und Agenturen.<\/p>\n<h2>Die\u00a0einzelnen XOVI Module im \u00dcberblick:<\/h2>\n<h3>Keywords<\/h3>\n<ul>\n<li>liefert alle relevanten Daten und benachrichtigt bei signifikanten Ver\u00e4nderungen<\/li>\n<li>durch Abfrage der wesentlichen Suchmaschinen ist ein Vergleich auch auf internationaler Ebene m\u00f6glich.<\/li>\n<li>besondere Bedeutung Rahmen der Mitbewerberanalyse<\/li>\n<li>eigene Keyworddatenbanken und hieraus errechnete Sichtbarkeitsindizes (SOVI und OVI)<\/li>\n<\/ul>\n<h3>Monitoring<\/h3>\n<ul>\n<li>tagesaktuelle \u00dcberwachung der wichtigsten Keywords m\u00f6glich. So kann<\/li>\n<li>erm\u00f6glicht schnelle und gezielt Reaktion auf Ver\u00e4nderungen und Anpassung der\u00a0SEO-Strategie<\/li>\n<\/ul>\n<h3>Onpage<\/h3>\n<ul>\n<li>Analyse unbegrenzt vieler Domains mit bis zu 25.000 URLs.<\/li>\n<li>es werden alle wichtigen Aspekte der Onpage-Optimierung erfasst<\/li>\n<\/ul>\n<h3>Links<\/h3>\n<ul>\n<li>unterst\u00fctzt beim Aufbau von Backlinks<\/li>\n<li>liefert Daten zur Backlinkstruktur der Mitbewerber<\/li>\n<li>einzelne Links k\u00f6nnen anhand der Ankertexte, Domains, Hostnamen und IP-Adressen analysiert werden.<\/li>\n<\/ul>\n<h3>Disavow<\/h3>\n<ul>\n<li>Kann\u00a0die Gefahr der Abstrafung durch Google verringern.<\/li>\n<li>Nach speziellen Metriken wird die Qualit\u00e4t der Backlinks berechnet und das Gesamtrisiko f\u00fcr die analysierte Domain ermittelt.<\/li>\n<\/ul>\n<h3>Linkmanager<\/h3>\n<ul>\n<li>Bietet die M\u00f6glichkeit Links permanent auf Validit\u00e4t und Existenz zu pr\u00fcfen<\/li>\n<li>Es lassen sich Details wie Ankertexte, Follow-Attribut, Linktyp und das Linit ein- und ausgehender Links einer Website \u00fcberwachen<\/li>\n<\/ul>\n<h3>Search Analytics<\/h3>\n<ul>\n<li>liefert genaue Informationen \u00fcber das Besucherverhalten.<\/li>\n<li>Es k\u00f6nnen die wichtigsten Dienste wie Google Analytics, Piwik und eTracker eingebunden werden.<\/li>\n<\/ul>\n<h3>SEA<\/h3>\n<ul>\n<li>Erm\u00f6glicht \u00dcberwachung und Optimierung von\u00a0\u00a0Effektivit\u00e4t und Effizienz der Online Marketing Kampagnen<\/li>\n<li>Es lassen siech nicht nur die eigenen Anzeigen sondern auch die der Mitbewerber analysieren.<\/li>\n<\/ul>\n<h3>Affiliate<\/h3>\n<ul>\n<li>Das Werkzeug liefert\u00a0Daten aus den wichtigsten Netzwerken und zeigt auch, mit welchen Partnerprogrammen der Mitbewerber arbeitet.<\/li>\n<li>F\u00fcr Publisher bietet sich die M\u00f6glichkeit einen Anbieter auf Anzahl der Affiliates, L\u00e4ndererteilung \u00a0und Werbemittelverwendung zu untersuchen<\/li>\n<\/ul>\n<h3>Social Analytics<\/h3>\n<ul>\n<li>Beantwortet die Frage nach den Top-Influencer und Anzahl der Share, Likes, Retweets etc.<\/li>\n<\/ul>\n<h3>Social Signals<\/h3>\n<ul>\n<li>XOVI erm\u00f6glicht das Monitoring verschiedener Profile aus Facebook, Twitter und YouTube. und verbessert so \u00a0die Performance in den sozialen Netzwerken<\/li>\n<li>Der Nutzer erh\u00e4lt alle wichtigen Kennzahlen und kann sie mit dem Mitbewerber vergleichen<\/li>\n<\/ul>\n<h3>Reporting<\/h3>\n<ul>\n<li>Zur besseren Verfolgbarkeit der Optimierung (Archivierung der Erreichung der Projektziele) und zur Weitergabe an Kunden<\/li>\n<li>Echtes Whitelabel Reporting<\/li>\n<li>Vorbereitete Inhalts-Vorlagen<\/li>\n<li>Automatisierte Reports (Zeitpunkt, Adressaten)<\/li>\n<\/ul>\n<div  class='avia-button-wrap av-2zqgja-7b95279ffa9a353038697eaa244a2bd7-wrap avia-button-center  avia-builder-el-0  avia-builder-el-no-sibling'><a href=\"http:\/\/www.xovi.de\/ref\/axxlh.html\" class=\"avia-button av-2zqgja-7b95279ffa9a353038697eaa244a2bd7 av-link-btn avia-icon_select-yes-left-icon avia-size-medium avia-position-center av-icon-on-hover avia-color-theme-color\" target=\"_blank\" rel=\"noopener noreferrer\" aria-label=\"Jetzt XOVI 14 Tage kostenlos testen\"><span class='avia_button_icon avia_button_icon_left avia-iconfont avia-font-entypo-fontello' data-av_icon='\ue8c5' data-av_iconfont='entypo-fontello' ><\/span><span class='avia_iconbox_title' >Jetzt XOVI 14 Tage kostenlos testen<\/span><\/a><\/div>","protected":false},"excerpt":{"rendered":"<p style=\"text-align: left\">XOVI ist eine komplette und dabei sehr preiswerte Online Marketing Suite aus Deutschland. Der modulare Aufbau und die deutsch-sprachige Oberfl\u00e4che machen den Einstieg einfach. Weitere Erleichterungen bieten die Webinare, der Blog des XOVI Expertenrates und die XOVI Academy.<img loading=\"lazy\" decoding=\"async\" style=\"border: 0\" src=\"http:\/\/partner.xovi.net\/scripts\/imp.php?xovi_aid=axxlh&amp;xovi_bid=f67bf44a\" alt=\"\" width=\"1\" height=\"1\" \/><\/p>\n<p>&nbsp;<\/p>\n<div><\/div>","protected":false},"featured_media":3529,"comment_status":"open","ping_status":"closed","template":"","meta":[],"product_brand":[],"product_cat":[213],"product_tag":[222,218,214,219,217,226,215,216,225,221,220,223,224],"class_list":{"0":"post-3398","1":"product","2":"type-product","3":"status-publish","4":"has-post-thumbnail","6":"product_cat-online-marketing","7":"product_tag-affiliate","8":"product_tag-disavow","9":"product_tag-keywords","10":"product_tag-linkmanager","11":"product_tag-links","12":"product_tag-mitbewerberanalyse","13":"product_tag-monitoring","14":"product_tag-onpage","15":"product_tag-reporting","16":"product_tag-sea","17":"product_tag-search-analytics","18":"product_tag-social-analytics","19":"product_tag-social-signals","21":"first","22":"instock","23":"featured","24":"shipping-taxable","25":"product-type-external"},"_links":{"self":[{"href":"https:\/\/webmasters-toolbox.de\/en\/wp-json\/wp\/v2\/product\/3398","targetHints":{"allow":["GET"]}}],"collection":[{"href":"https:\/\/webmasters-toolbox.de\/en\/wp-json\/wp\/v2\/product"}],"about":[{"href":"https:\/\/webmasters-toolbox.de\/en\/wp-json\/wp\/v2\/types\/product"}],"replies":[{"embeddable":true,"href":"https:\/\/webmasters-toolbox.de\/en\/wp-json\/wp\/v2\/comments?post=3398"}],"wp:featuredmedia":[{"embeddable":true,"href":"https:\/\/webmasters-toolbox.de\/en\/wp-json\/wp\/v2\/media\/3529"}],"wp:attachment":[{"href":"https:\/\/webmasters-toolbox.de\/en\/wp-json\/wp\/v2\/media?parent=3398"}],"wp:term":[{"taxonomy":"product_brand","embeddable":true,"href":"https:\/\/webmasters-toolbox.de\/en\/wp-json\/wp\/v2\/product_brand?post=3398"},{"taxonomy":"product_cat","embeddable":true,"href":"https:\/\/webmasters-toolbox.de\/en\/wp-json\/wp\/v2\/product_cat?post=3398"},{"taxonomy":"product_tag","embeddable":true,"href":"https:\/\/webmasters-toolbox.de\/en\/wp-json\/wp\/v2\/product_tag?post=3398"}],"curies":[{"name":"wp","href":"https:\/\/api.w.org\/{rel}","templated":true}]}}