{"id":3523,"date":"2016-06-10T21:28:52","date_gmt":"2016-06-10T19:28:52","guid":{"rendered":"http:\/\/webmasters-toolbox.de\/?post_type=product&#038;p=3523"},"modified":"2025-01-18T15:11:42","modified_gmt":"2025-01-18T14:11:42","slug":"seerobots","status":"publish","type":"product","link":"https:\/\/webmasters-toolbox.de\/en\/toolbox\/seerobots\/","title":{"rendered":"SeeRobots"},"content":{"rendered":"<p>Kleines unscheinbares Tool, das jedoch in keinem Browser eines Webentwicklers fehlen sollte!<\/p>\n<p><strong>Was tut es?<\/strong><\/p>\n<p>W\u00e4hrend der Erstellung wird h\u00e4ufig das META-Tag &#8222;Robots&#8220; auf &#8222;nofollow, noindex&#8220; gesetzt. Nach dem going public wird die Umstellung h\u00e4ufig vergessen &#8211; SEO-technisch t\u00f6dlich f\u00fcr die Website! Dieses kleine Tool zeigt im Browser dezent an, ob die Einstellungen den W\u00fcnschen entsprechen:<\/p>\n<ul>\n<li>Gr\u00fcnes Icon = &#8222;index, follow&#8220;<\/li>\n<li>Halb gr\u00fcn, halb rot = &#8222;noindex, follow&#8220; oder &#8222;index, nofollow&#8220;<\/li>\n<li>Rotes Icon = &#8222;noindex, nofollow&#8220;<\/li>\n<\/ul>\n<p><strong>Zielgruppe<\/strong>:\u00a0Webentwickler<\/p>\n<p><strong>Pro:<\/strong><\/p>\n<ul>\n<li>sehr diskret<\/li>\n<li>hoher Nutzwert<\/li>\n<\/ul>\n<p><strong>Kontra:<\/strong><\/p>\n<ul>\n<li>bisher keine gefunden<\/li>\n<\/ul>\n<p><strong>Links:<\/strong><\/p>\n<ul>\n<li><a href=\"https:\/\/chrome.google.com\/webstore\/detail\/seerobots\/hnljoiodjfgpnddiekagpbblnjedcnfp\" target=\"_blank\" rel=\"noopener\">Seerobots f\u00fcr Chrome<\/a><\/li>\n<li><a href=\"https:\/\/addons.mozilla.org\/de\/firefox\/addon\/seerobots\/?src=search\" target=\"_blank\" rel=\"noopener\">Installation in Firefox<\/a><\/li>\n<\/ul>","protected":false},"excerpt":{"rendered":"<p>Kleines unscheinbares Tool, das jedoch in keinem Browser eines Webentwicklers fehlen sollte! Was tut es? W\u00e4hrend der Erstellung wird h\u00e4ufig das META-Tag &#8222;Robots&#8220; auf &#8222;nofollow, noindex&#8220; gesetzt. Nach dem going public wird die Umstellung h\u00e4ufig vergessen &#8211; SEO-technisch t\u00f6dlich f\u00fcr die Website! Dieses kleine Tool zeigt im Browser dezent an, ob die Einstellungen den W\u00fcnschen [&hellip;]<\/p>\n","protected":false},"featured_media":455,"comment_status":"open","ping_status":"closed","template":"","meta":[],"product_brand":[],"product_cat":[202],"product_tag":[],"class_list":{"0":"post-3523","1":"product","2":"type-product","3":"status-publish","4":"has-post-thumbnail","6":"product_cat-suchmaschinenoptimierung","8":"first","9":"instock","10":"shipping-taxable","11":"product-type-external"},"_links":{"self":[{"href":"https:\/\/webmasters-toolbox.de\/en\/wp-json\/wp\/v2\/product\/3523","targetHints":{"allow":["GET"]}}],"collection":[{"href":"https:\/\/webmasters-toolbox.de\/en\/wp-json\/wp\/v2\/product"}],"about":[{"href":"https:\/\/webmasters-toolbox.de\/en\/wp-json\/wp\/v2\/types\/product"}],"replies":[{"embeddable":true,"href":"https:\/\/webmasters-toolbox.de\/en\/wp-json\/wp\/v2\/comments?post=3523"}],"wp:featuredmedia":[{"embeddable":true,"href":"https:\/\/webmasters-toolbox.de\/en\/wp-json\/wp\/v2\/media\/455"}],"wp:attachment":[{"href":"https:\/\/webmasters-toolbox.de\/en\/wp-json\/wp\/v2\/media?parent=3523"}],"wp:term":[{"taxonomy":"product_brand","embeddable":true,"href":"https:\/\/webmasters-toolbox.de\/en\/wp-json\/wp\/v2\/product_brand?post=3523"},{"taxonomy":"product_cat","embeddable":true,"href":"https:\/\/webmasters-toolbox.de\/en\/wp-json\/wp\/v2\/product_cat?post=3523"},{"taxonomy":"product_tag","embeddable":true,"href":"https:\/\/webmasters-toolbox.de\/en\/wp-json\/wp\/v2\/product_tag?post=3523"}],"curies":[{"name":"wp","href":"https:\/\/api.w.org\/{rel}","templated":true}]}}