{"id":3555,"date":"2016-06-29T20:38:39","date_gmt":"2016-06-29T18:38:39","guid":{"rendered":"http:\/\/webmasters-toolbox.de\/?post_type=product&#038;p=3555"},"modified":"2025-07-20T04:27:12","modified_gmt":"2025-07-20T02:27:12","slug":"siteliner","status":"publish","type":"product","link":"https:\/\/webmasters-toolbox.de\/en\/toolbox\/siteliner\/","title":{"rendered":"Siteliner"},"content":{"rendered":"<h2>&#8222;Simplicity is the Ultimate Sophistication&#8220;<\/h2>\n<p>Siteliner erm\u00f6glicht auf einfachste Art und Weise eine schnellen \u00dcberblick \u00fcber wichtige Punkte wie Anteil Duplicate Content und Anzahl Broken Links. In der Free-Version werden bis zu 250 Seiten in die Untersuchung einbezogen. Die Premium erh\u00f6ht die Anzahl auf bis zu 25.000 Seiten zum Preis von $0.01 \/ 1000 Credits. Gezahlt werden kann per Paypal f\u00fcr eine Mindestanzahl von 1000 Credits. Warum eine Eingabe von 500 bis 50.000 angeboten wird erschlie\u00dft sich mir somit nicht ganz&#8230;.<\/p>\n<p>Nach erfolgter Analyse steht ein Report als PDF und als CSV-Datei zum Download zur Verf\u00fcgung. Eine w\u00e4hrend der Analyse erzeugte XML-Sitemap kann ebenfalls herunter geladen werden.<\/p>\n<p>Interessant ist die Vergleichsfunktion, die die erreichten Werte in Verh\u00e4ltnis zu den durchschnittlichen Werten anderer Websites zeigt.<\/p>\n<p>Zu den einzelnen Seiten wird jeweils ein als &#8222;Page Power&#8220; bezeichneter Wert angezeigt.<\/p>\n<h2>Fazit:<\/h2>\n<p>Schnelles schlankes Tool, tr\u00e4gt zur Verbesserung der Qualit\u00e4t der Website bei<\/p>","protected":false},"excerpt":{"rendered":"<p>&#8222;Simplicity is the Ultimate Sophistication&#8220; Siteliner erm\u00f6glicht auf einfachste Art und Weise eine schnellen \u00dcberblick \u00fcber wichtige Punkte wie Anteil Duplicate Content und Anzahl Broken Links. In der Free-Version werden bis zu 250 Seiten in die Untersuchung einbezogen. Die Premium erh\u00f6ht die Anzahl auf bis zu 25.000 Seiten zum Preis von $0.01 \/ 1000 Credits. [&hellip;]<\/p>\n","protected":false},"featured_media":3558,"comment_status":"open","ping_status":"closed","template":"","meta":[],"product_brand":[],"product_cat":[202],"product_tag":[232,231,233,234],"class_list":{"0":"post-3555","1":"product","2":"type-product","3":"status-publish","4":"has-post-thumbnail","6":"product_cat-suchmaschinenoptimierung","7":"product_tag-broken-links","8":"product_tag-duplicate-content","9":"product_tag-site-report","10":"product_tag-vergleichswerte","12":"first","13":"instock","14":"shipping-taxable","15":"product-type-external"},"_links":{"self":[{"href":"https:\/\/webmasters-toolbox.de\/en\/wp-json\/wp\/v2\/product\/3555","targetHints":{"allow":["GET"]}}],"collection":[{"href":"https:\/\/webmasters-toolbox.de\/en\/wp-json\/wp\/v2\/product"}],"about":[{"href":"https:\/\/webmasters-toolbox.de\/en\/wp-json\/wp\/v2\/types\/product"}],"replies":[{"embeddable":true,"href":"https:\/\/webmasters-toolbox.de\/en\/wp-json\/wp\/v2\/comments?post=3555"}],"wp:featuredmedia":[{"embeddable":true,"href":"https:\/\/webmasters-toolbox.de\/en\/wp-json\/wp\/v2\/media\/3558"}],"wp:attachment":[{"href":"https:\/\/webmasters-toolbox.de\/en\/wp-json\/wp\/v2\/media?parent=3555"}],"wp:term":[{"taxonomy":"product_brand","embeddable":true,"href":"https:\/\/webmasters-toolbox.de\/en\/wp-json\/wp\/v2\/product_brand?post=3555"},{"taxonomy":"product_cat","embeddable":true,"href":"https:\/\/webmasters-toolbox.de\/en\/wp-json\/wp\/v2\/product_cat?post=3555"},{"taxonomy":"product_tag","embeddable":true,"href":"https:\/\/webmasters-toolbox.de\/en\/wp-json\/wp\/v2\/product_tag?post=3555"}],"curies":[{"name":"wp","href":"https:\/\/api.w.org\/{rel}","templated":true}]}}