{"id":3667,"date":"2016-11-10T20:50:52","date_gmt":"2016-11-10T19:50:52","guid":{"rendered":"http:\/\/webmasters-toolbox.de\/?post_type=product&#038;p=3667"},"modified":"2022-01-29T09:04:20","modified_gmt":"2022-01-29T08:04:20","slug":"keyword-tools","status":"publish","type":"product","link":"https:\/\/webmasters-toolbox.de\/en\/toolbox\/keyword-tools\/","title":{"rendered":"Keyword Tools"},"content":{"rendered":"<p>Die Keyword Tools arbeiten auf WordPress-Basis, nach dem Registrieren kann man die zu \u00fcberwachende Domain innerhalb der Profileinstellungen editieren. Es ist somit immer nur die \u00dcberwachung einer Domain \/ Profil m\u00f6glich.<\/p>\n<p>Die Sammlung verf\u00fcgt aktuell (10.11.2016) \u00fcber die folgenden Module:<\/p>\n<h2>Monitoring<\/h2>\n<ul>\n<li>\u00dcberwachung der wichtigsten Suchbegriffe und Suchphrasen<\/li>\n<li>erm\u00f6glicht Beobachtung der Mitbewerber<\/li>\n<li>zeigt f\u00fcr jeden Tag f\u00fcr die \u00fcberwachten Keywords die Position in Google.de an (Aktualisierung t\u00e4glich)<\/li>\n<\/ul>\n<h2>Recherche<\/h2>\n<ul>\n<li>Ermittelt f\u00fcr ein einzugebendes Keyword (oder einer Phrase) den zeitlichen Verlauf des Interesses (Basis Google Trends)<\/li>\n<li>f\u00fcr bis zu 100 mit dem Keyword in Verbindung stehende Vorschl\u00e4ge und das Keyword selbst werden Suchvolumen, CPC und Wettbewerb angezeigt<\/li>\n<li>Recherche kann landesbezogen durchgef\u00fchrt werden um auch ausl\u00e4ndische M\u00e4rkte zu analysieren<\/li>\n<li>zum jetzigen Zeitpunkt besteht leider keine Exportm\u00f6glichkeit der Ergebnistabelle, ist jedoch vorgesehen (csv, xls)<\/li>\n<\/ul>\n<h2>DomainCheck<\/h2>\n<ul>\n<li>pr\u00fcft eine einzugebende Domain auf rankende Keywords und zeigt jeweils deren Position, das Scuhvolumen, CPC-Wert sowie den Wettbewerb<\/li>\n<li>zeigte im Test leider f\u00fcr keine der zu untersuchenden Domains Werte an<\/li>\n<\/ul>\n<h2>Google Ranking Live-Check<\/h2>\n<ul>\n<li>zeigt das aktuelle Ranking f\u00fcr ein einzugegebendes Keyword einer frei w\u00e4hlbaren Domain<\/li>\n<li>zus\u00e4tzlich wird die Anzahl der Suchergebnistreffer, das Suchvolumen und der Preis \/ Klick angezeigt<\/li>\n<li>durch Angabe von Trefferanzahl (entspricht dem Wettbewerb) und des Suchvolumens gut zur Berechnung des KEI geeigent<\/li>\n<\/ul>\n<h2>Anbieter<\/h2>\n<p><a href=\"http:\/\/www.onpagedoc.com\/\" target=\"_blank\" rel=\"noopener\">onpagedoc<\/a><\/p>\n<p>&nbsp;<\/p>","protected":false},"excerpt":{"rendered":"<p>Einer der wichtigsten Aspekte in der Suchmaschinenoptmierung ist die Relevanz der Inhalte. Ohne f\u00fcr den Benutzer relevant zu sein, wird einen Website nicht ranken. Es kommt auf das genaue Kennen der Zielgruppe, deren bevorzugtem Medienformat und nat\u00fcrlich der Schl\u00fcsselw\u00f6rter an. Keyword Tools unterst\u00fctzen dabei die richtigen und wertvollen Keywords herauszufinden und optimal zu platzieren.<\/p>\n<p>Die kostenlosen und einfach zu bedienenden Keyword Tools unterst\u00fctzen dabei in ganz hervorragender Weise.<\/p>\n<p>Derzeit (November 2016) befinden sich die Tools noch in der Beta-Phase, machen aber einen sehr stabilen und guten Eindruck.<\/p>","protected":false},"featured_media":3668,"comment_status":"open","ping_status":"closed","template":"","meta":[],"product_brand":[],"product_cat":[202],"product_tag":[214,215,237],"class_list":{"0":"post-3667","1":"product","2":"type-product","3":"status-publish","4":"has-post-thumbnail","6":"product_cat-suchmaschinenoptimierung","7":"product_tag-keywords","8":"product_tag-monitoring","9":"product_tag-ranking","11":"first","12":"instock","13":"shipping-taxable","14":"product-type-external"},"_links":{"self":[{"href":"https:\/\/webmasters-toolbox.de\/en\/wp-json\/wp\/v2\/product\/3667","targetHints":{"allow":["GET"]}}],"collection":[{"href":"https:\/\/webmasters-toolbox.de\/en\/wp-json\/wp\/v2\/product"}],"about":[{"href":"https:\/\/webmasters-toolbox.de\/en\/wp-json\/wp\/v2\/types\/product"}],"replies":[{"embeddable":true,"href":"https:\/\/webmasters-toolbox.de\/en\/wp-json\/wp\/v2\/comments?post=3667"}],"wp:featuredmedia":[{"embeddable":true,"href":"https:\/\/webmasters-toolbox.de\/en\/wp-json\/wp\/v2\/media\/3668"}],"wp:attachment":[{"href":"https:\/\/webmasters-toolbox.de\/en\/wp-json\/wp\/v2\/media?parent=3667"}],"wp:term":[{"taxonomy":"product_brand","embeddable":true,"href":"https:\/\/webmasters-toolbox.de\/en\/wp-json\/wp\/v2\/product_brand?post=3667"},{"taxonomy":"product_cat","embeddable":true,"href":"https:\/\/webmasters-toolbox.de\/en\/wp-json\/wp\/v2\/product_cat?post=3667"},{"taxonomy":"product_tag","embeddable":true,"href":"https:\/\/webmasters-toolbox.de\/en\/wp-json\/wp\/v2\/product_tag?post=3667"}],"curies":[{"name":"wp","href":"https:\/\/api.w.org\/{rel}","templated":true}]}}