{"id":3674,"date":"2016-11-29T20:06:16","date_gmt":"2016-11-29T19:06:16","guid":{"rendered":"http:\/\/webmasters-toolbox.de\/?post_type=product&#038;p=3674"},"modified":"2025-01-18T15:11:05","modified_gmt":"2025-01-18T14:11:05","slug":"piwik","status":"publish","type":"product","link":"https:\/\/webmasters-toolbox.de\/en\/toolbox\/piwik\/","title":{"rendered":"Piwik &#8211; die Open Source Webanalytics Plattform"},"content":{"rendered":"<p>Mit 2,7 Millionen Installationen die weltweit bekannteste und am meisten eingesetzte Open-Source-Web-Analytics Plattform<\/p>\n<h2>Vorteile:<\/h2>\n<ul>\n<li>100% datenschutzkonform mit internationalen und EU-Richtlinien<\/li>\n<li>Piwik l\u00e4uft auf eigenen Servern, dadurch 100% Datenbesitz und Kontrolle (On-Premises)<\/li>\n<li>Opt-out-Funktion f\u00fcr Usertracking &#8211; Widerspruchsm\u00f6glichkeit direkt auf der entsprechenden (&#8222;Datenschutz&#8220;-) Webseite<\/li>\n<li>Unlimitierte Datenspeicherung pro Monat<\/li>\n<li>Daten stehen dauerhaft zur Verf\u00fcgung (abh\u00e4ngig von Serverleistung und Volumen)<\/li>\n<li>Unbegrenzte Anzahl an Webseiten pro Piwik-Instanz<\/li>\n<li>Unlimitierte Nutzer-Accounts pro Piwik-Instanz<\/li>\n<li>Unbegrenzte Zielauswertung pro Bericht, der Nutzer bestimmt selbst die\u00a0Zusammenstellung<\/li>\n<li>Kein Sampling &#8211; alle Daten werden f\u00fcr die Analyse herangezogen. Ausnahme: Nutzer selektiert selbst<\/li>\n<li>Unbegrenzter Datenexport<\/li>\n<li>Referrer-Spam &#8211; Blacklisting integriert &#8211; Spam wird aus den Ergebnissen herausgefiltert<\/li>\n<li>Userzentriertes Reporting<\/li>\n<li>Mobile App f\u00fcr Website-Monitoring auf Smartphone und Tablet<\/li>\n<li>Echtzeitanalysen<\/li>\n<li>Adblocker Whitelisting<\/li>\n<\/ul>\n<p>(<em>Quelle: Website Boosting, 09-10-2016<\/em>)<\/p>\n<h2>Versionen<\/h2>\n<ul>\n<li>Self-hosted<\/li>\n<li>Cloud-hosted<\/li>\n<\/ul>","protected":false},"excerpt":{"rendered":"<p>Mit 2,7 Millionen Installationen die weltweit bekannteste und am meisten eingesetzte Open-Source-Web-Analytics Plattform Vorteile: 100% datenschutzkonform mit internationalen und EU-Richtlinien Piwik l\u00e4uft auf eigenen Servern, dadurch 100% Datenbesitz und Kontrolle (On-Premises) Opt-out-Funktion f\u00fcr Usertracking &#8211; Widerspruchsm\u00f6glichkeit direkt auf der entsprechenden (&#8222;Datenschutz&#8220;-) Webseite Unlimitierte Datenspeicherung pro Monat Daten stehen dauerhaft zur Verf\u00fcgung (abh\u00e4ngig von Serverleistung und [&hellip;]<\/p>\n","protected":false},"featured_media":3675,"comment_status":"open","ping_status":"closed","template":"","meta":[],"product_brand":[],"product_cat":[238],"product_tag":[],"class_list":{"0":"post-3674","1":"product","2":"type-product","3":"status-publish","4":"has-post-thumbnail","6":"product_cat-webanalytik-2","8":"first","9":"instock","10":"shipping-taxable","11":"product-type-external"},"_links":{"self":[{"href":"https:\/\/webmasters-toolbox.de\/en\/wp-json\/wp\/v2\/product\/3674","targetHints":{"allow":["GET"]}}],"collection":[{"href":"https:\/\/webmasters-toolbox.de\/en\/wp-json\/wp\/v2\/product"}],"about":[{"href":"https:\/\/webmasters-toolbox.de\/en\/wp-json\/wp\/v2\/types\/product"}],"replies":[{"embeddable":true,"href":"https:\/\/webmasters-toolbox.de\/en\/wp-json\/wp\/v2\/comments?post=3674"}],"wp:featuredmedia":[{"embeddable":true,"href":"https:\/\/webmasters-toolbox.de\/en\/wp-json\/wp\/v2\/media\/3675"}],"wp:attachment":[{"href":"https:\/\/webmasters-toolbox.de\/en\/wp-json\/wp\/v2\/media?parent=3674"}],"wp:term":[{"taxonomy":"product_brand","embeddable":true,"href":"https:\/\/webmasters-toolbox.de\/en\/wp-json\/wp\/v2\/product_brand?post=3674"},{"taxonomy":"product_cat","embeddable":true,"href":"https:\/\/webmasters-toolbox.de\/en\/wp-json\/wp\/v2\/product_cat?post=3674"},{"taxonomy":"product_tag","embeddable":true,"href":"https:\/\/webmasters-toolbox.de\/en\/wp-json\/wp\/v2\/product_tag?post=3674"}],"curies":[{"name":"wp","href":"https:\/\/api.w.org\/{rel}","templated":true}]}}