{"id":3836,"date":"2017-09-05T19:28:06","date_gmt":"2017-09-05T17:28:06","guid":{"rendered":"http:\/\/webmasters-toolbox.de\/?post_type=product&#038;p=3836"},"modified":"2018-05-02T15:27:12","modified_gmt":"2018-05-02T13:27:12","slug":"semrush-site-audit","status":"publish","type":"product","link":"https:\/\/webmasters-toolbox.de\/en\/toolbox\/semrush-site-audit\/","title":{"rendered":"SEMrush Site Audit"},"content":{"rendered":"<p>Eine fehlerfreie Website mit bestm\u00f6glicher Performance erfordert regelm\u00e4\u00dfige Aufmerksamkeit. Ein Site-Audit kann jedoch arbeitsintensiv sein, denn die Liste m\u00f6glicher Probleme ist lang und ihre manuelleBearbeitung m\u00fchsam. Zum Gl\u00fcck gibt es ein Tool, das sich f\u00fcr Sie um diese Probleme k\u00fcmmert.<\/p>\n<p>Das SEMrush Seite Audit ist ein m\u00e4chtiges Werkzeug f\u00fcr die umfassende Pr\u00fcfung der Fitness Ihrer Website. Mit hoher Crawl-Geschwindigkeit und flexiblen Einstellungen ermittelt es automatisch Fehler aus bis zu 60 Kategorien und deckt damit die meisten m\u00f6glichen Schwachpunkte einer Website ab. Doch um dieses ausgefeilte Tool effektiv einzusetzen,<br \/>\nbrauchen Sie das Know-how, das f\u00fcr eine kompetente Webseiten-Analyse n\u00f6tig ist.<\/p>\n<h2>Analysebereiche:<\/h2>\n<h3><strong>Crawlbarkeit und Seitenarchitektur<\/strong><\/h3>\n<p>Es bringt wenig, die Inhalte Ihrer Website zu optimieren, wenn die Suchmaschinen sie nicht sehen. Crawlbarkeit und Indexierbarkeit sind das Fundament, auf dem alle anderen SEO-Ma\u00dfnahmen aufbauen m\u00fcssen.<\/p>\n<ul>\n<li><strong>robots.txt<\/strong> &#8211; Es gibt viele H\u00fcrden, die einem Suchroboter im Weg stehen k\u00f6nnen. Die Robots.txt-Datei kann Google vom Auslesen und Indexieren Ihrer ganzen Site oder einzelner Unterseiten abhalten.<\/li>\n<li><strong>URL-Struktur<\/strong> &#8211; F\u00fcr SEO-Spezialisten ist eine URL mehr als die Adresse einer Webseite, denn sie kann die Indexierung und das Ranking negativ beeinflussen. Die URL-Struktur signalisiert den Suchmaschinen die Wichtigkeit jeder Seite \u2013 je h\u00f6her in der Hierarchie, desto wichtiger.<\/li>\n<li><strong>Links und Redirects\u00a0<\/strong> &#8211; Links sind auf Ihrer Website n\u00f6tig, um die Besucherstr\u00f6me zu steuern und den Ranking-Wert Ihrer Seiten zu verteilen. Defekte Links und 4xx- oder 5xx-Statuscodes beeintr\u00e4chtigen erheblich die Nutzererfahrung und machen Ihre SEO-Bem\u00fchungen zunichte. Redirect-Ketten und -Zirkel verwirren Suchrobots und frustrieren Nutzer mit verl\u00e4ngerten<br \/>\nLadezeiten.<\/li>\n<li><strong>Sitemap<\/strong> &#8211; Die Sitemap garantiert nicht, dass die enthaltenen Seiten indexiert werden, und die darauf nicht erw\u00e4hnten werden von der Suchmaschine ignoriert. Sie erleichtert jedoch den Indexierungsprozess.<\/li>\n<\/ul>\n<h3>Onpage-SEO<\/h3>\n<p>Beim Onpage-SEO geht es darum, durch Optimierung von Inhalten und HTML die Rankings spezifischer Seiten zu verbessern. Exzellente Text- und Bild-Inhalte in Kombination mit makelloser<br \/>\nTechnik hinter den Kulissen bilden den besten Service f\u00fcr Ihre Besucher<br \/>\nund werden auch von Suchmaschinen mit Anerkennung belohnt.<\/p>\n<ul>\n<li><strong>Content<\/strong> &#8211; Site Audit pr\u00fcft u. a. auf doppelte Inhalte, wenig Text und viel HTML, niedrige Wortanzahl pro Seite<\/li>\n<li><strong>Title-Tag<\/strong> &#8211; Pr\u00fcfung auf fehlende oder leere Title-Tags, doppelte Title-Tags, zu lange Title-Tags<\/li>\n<li><strong>&lt;H1&gt;-Tag<\/strong> &#8211; fehlende H1-\u00dcberschrift, Dopplung zwischen H1- und Title-Tag, mehrere H1-\u00dcberschriften<\/li>\n<li><strong>Meta-Description<\/strong> &#8211; doppelte Meta-Description, fehlende Meta-Description<\/li>\n<li><strong>Bilder<\/strong> &#8211; defekte interne Bild-Links, defekte externe Bild-Links, fehlende ALT-Attribute<\/li>\n<\/ul>\n<h3>Technisches SEO<\/h3>\n<p>Technisches SEO besch\u00e4ftigt sich mit den Seitenbestandteilen abseits der eigentlichen Inhalte, die sich auf Nutzererlebnis und Rankings auswirken. H\u00e4ufige Probleme sind hier lange Seitenladezeiten, veraltete Technik und unzureichende Optimierung f\u00fcr mobile Endger\u00e4te. Oft k\u00f6nnen schon kleine Verbesserungsma\u00dfnahmen erheblich Ihre Besucherzahlen erh\u00f6hen und Ihnen viel Geld sparen.<\/p>\n<ul>\n<li><strong>Ladezeit<\/strong> &#8211; Die Seitenladezeit ist ein wichtiger Rankingfaktor, der vom Server und von der Seitenperformance abh\u00e4ngt. Aus offensichtlichen Gr\u00fcnden wirkt sie sich stark auf die Absprungrate aus.<\/li>\n<li><strong>Veraltete Technik<\/strong> &#8211; Flash-Inhalte, Frames, Doctype nicht deklariert<\/li>\n<li><strong>Mobil<\/strong> &#8211; AMP-Seiten ohne canonical-Tag, fehlendes viewport-Tag<\/li>\n<\/ul>\n<h3>Implementierung HTTPS<\/h3>\n<p>HTTPS ist f\u00fcr jede Website eine Notwendigkeit. Sie m\u00fcssen sich und Ihre Besucher vor den l\u00e4stigen \u00dcbelt\u00e4tern des Internet sch\u00fctzen, indem Sie sicherstellen, dass alle von Ihrer Website \u00fcbertragenen Daten authentisch, verschl\u00fcsselt und unbesch\u00e4digt sind.<\/p>\n<ul>\n<li><strong>Impementierungsh\u00fcrden<\/strong> &#8211; Gemischte Inhalte, nicht-sichere Seitem, keine redirects oder canonical-Tags auf http-Urls, ssl-Zertifikat auf falschen Domainnamen registriert, veraltete Sicherheitsprotokollversionen, ablaufendes oder abgelaufenesssl-Zertifikat, HTTPS-Seiten f\u00fchren auf http-Seite, Homepage verwendet keine HTTPS-Verschl\u00fcsselung, http-Urls in sitemap.xml f\u00fcr HTTPS-Site, keine SNI.Unterst\u00fctzung, keine HSTS-Unterst\u00fctzung<\/li>\n<\/ul>\n<h3>Internationales SEO<\/h3>\n<p>Der Betrieb einer mehrsprachigen Website bringt ein breit gestreutes Fehlerpotential mit sich. Es ist schon schwer genug, hreflang-Attribute richtig einzusetzen, damit Ihre Zielgruppen an verschiedenen Orten zuverl\u00e4ssig die richtige Sprachversion der abgerufenen Seiten erhalten. Zugleich m\u00fcssen Sie den Suchmaschinen signalisieren, welche Seiten f\u00fcr welche Nutzer gedacht sind, und erkennbar machen, dass Sie nicht wahllos mit Duplikaten um sich werfen.<\/p>\n<p>Fehlerquellen &#8211; Sprache nicht angegeben, hreflang-Konflikte im Quellcode, fehlerhafte hreflang-Links, Problem bei der hreflang-Implementierung, Zeichencodierung nicht deklariert, widerspr\u00fcchliche hreflang-Sprachangaben.<\/p>\n<div  class='avia-button-wrap av-2oog64-1a379f53f9d72b4dd570351b5737943b-wrap avia-button-center  avia-builder-el-0  avia-builder-el-no-sibling'><a href=\"http:\/\/www.semrush.com\/sem\/?ref=2017015512&amp;refer_source=&amp;utm_source=berush&amp;utm_medium=promo&amp;utm_campaign=banner\" class=\"avia-button av-2oog64-1a379f53f9d72b4dd570351b5737943b av-link-btn avia-icon_select-yes-left-icon avia-size-medium avia-position-center av-icon-on-hover avia-color-theme-color\" target=\"_blank\" rel=\"noopener noreferrer\" aria-label=\"Weitere Details\"><span class='avia_button_icon avia_button_icon_left avia-iconfont avia-font-entypo-fontello' data-av_icon='\ue86c' data-av_iconfont='entypo-fontello' ><\/span><span class='avia_iconbox_title' >Weitere Details<\/span><\/a><\/div>","protected":false},"excerpt":{"rendered":"<p>Eine fehlerfreie Website mit bestm\u00f6glicher Performance erfordert regelm\u00e4\u00dfige Aufmerksamkeit. Ein Site-Audit kann jedoch arbeitsintensiv sein, denn die Liste m\u00f6glicher Probleme ist lang und ihre manuelleBearbeitung m\u00fchsam. Zum Gl\u00fcck gibt es ein Tool, das sich f\u00fcr Sie um diese Probleme k\u00fcmmert. Das SEMrush Seite Audit ist ein m\u00e4chtiges Werkzeug f\u00fcr die umfassende Pr\u00fcfung der Fitness Ihrer [&hellip;]<\/p>\n","protected":false},"featured_media":3844,"comment_status":"closed","ping_status":"closed","template":"","meta":[],"product_brand":[],"product_cat":[202],"product_tag":[258,256,216,255,254,257],"class_list":{"0":"post-3836","1":"product","2":"type-product","3":"status-publish","4":"has-post-thumbnail","6":"product_cat-suchmaschinenoptimierung","7":"product_tag-258","8":"product_tag-offpage","9":"product_tag-onpage","10":"product_tag-robots-txt","11":"product_tag-site-audit","12":"product_tag-sitemap","14":"first","15":"instock","16":"shipping-taxable","17":"product-type-external"},"_links":{"self":[{"href":"https:\/\/webmasters-toolbox.de\/en\/wp-json\/wp\/v2\/product\/3836","targetHints":{"allow":["GET"]}}],"collection":[{"href":"https:\/\/webmasters-toolbox.de\/en\/wp-json\/wp\/v2\/product"}],"about":[{"href":"https:\/\/webmasters-toolbox.de\/en\/wp-json\/wp\/v2\/types\/product"}],"replies":[{"embeddable":true,"href":"https:\/\/webmasters-toolbox.de\/en\/wp-json\/wp\/v2\/comments?post=3836"}],"wp:featuredmedia":[{"embeddable":true,"href":"https:\/\/webmasters-toolbox.de\/en\/wp-json\/wp\/v2\/media\/3844"}],"wp:attachment":[{"href":"https:\/\/webmasters-toolbox.de\/en\/wp-json\/wp\/v2\/media?parent=3836"}],"wp:term":[{"taxonomy":"product_brand","embeddable":true,"href":"https:\/\/webmasters-toolbox.de\/en\/wp-json\/wp\/v2\/product_brand?post=3836"},{"taxonomy":"product_cat","embeddable":true,"href":"https:\/\/webmasters-toolbox.de\/en\/wp-json\/wp\/v2\/product_cat?post=3836"},{"taxonomy":"product_tag","embeddable":true,"href":"https:\/\/webmasters-toolbox.de\/en\/wp-json\/wp\/v2\/product_tag?post=3836"}],"curies":[{"name":"wp","href":"https:\/\/api.w.org\/{rel}","templated":true}]}}