{"id":3852,"date":"2017-11-25T18:09:29","date_gmt":"2017-11-25T17:09:29","guid":{"rendered":"http:\/\/webmasters-toolbox.de\/?post_type=product&#038;p=3852"},"modified":"2024-11-27T05:22:11","modified_gmt":"2024-11-27T04:22:11","slug":"woocommerce-amazon-affiliates-wordpress-plugin","status":"publish","type":"product","link":"https:\/\/webmasters-toolbox.de\/en\/toolbox\/woocommerce-amazon-affiliates-wordpress-plugin\/","title":{"rendered":"WooCommerce Amazon Affiliates &#8211; WordPress Plugin"},"content":{"rendered":"<p><span id=\"result_box\" class=\"\" lang=\"de\"><span class=\"\">Die grundlegende Funktionalit\u00e4t des WordPress-Plugin <strong>WooCommerce Amazon Affiliates<\/strong> <em>(WooZone) ist<\/em>, dass Sie Produkte von Amazon in Ihre WordPress + WooCommerce-Website importieren k\u00f6nnen.<\/span> <span class=\"\">F\u00fcr diese Produkte synchronisiert das Plug-In dann die importierten Produkte, die Synchronisierung kann flexibel eingerichtet werden (manuell, Cron-Job).<\/span><\/span><\/p>\n<p>Ein sehr angenehmer Zusatznutzen dieses WordPress \/ WooCommerce Amazon Plugin ist das <strong>90-Tage-Cookie-Feature<\/strong>.\u00a0Mit der 90-Tage-Cookie-Funktion wird ein Kunde, der ein Produkt in den Amazon-Warenkorb legt, automatisch 90 Tage lang dort aufbewahrt. Wenn der Nutzer weiterhin nach anderen Produkten kauft, erhalten Sie auch die Provisionen!<\/p>\n<p>Die <strong>Crosseling-Funktion<\/strong> eignet sich hervorragend f\u00fcr Marketingzwecke. Auf jedem von Amazon importierten Produkt k\u00f6nnen Sie verwandte Produkte anzeigen, h\u00e4ufig gemeinsam gekaufte Produkte zusammengefasst anbieten und dadurch mehr Provisionen verdienen!<\/p>\n<p><strong>Cupons<\/strong> werden mit dem\u00a0WooCommerce Amazon Plugin automatisch importiert, wenn sie bei Amazon verf\u00fcgbar sind.<\/p>\n<p style=\"text-align: center;\">[adrotate banner=&#8220;6&#8243;]<br \/>\n<!-- Einzelner Post: 1 (webmasters-toolbox.de) --><ins class=\"adsbygoogle\"><\/ins><\/p>\n<h2>Modularer Aufbau<\/h2>\n<h3><span class=\"\">Basismodule<\/span><\/h3>\n<p>diese Module k\u00f6nnen nicht deaktiviert werden und liefern die Basisfunktionen<\/p>\n<p><strong>Amazon Config<\/strong> &#8211; die Mandanten-Felder Amazon Secret Key, Access Key ID und Affiliate ID<\/p>\n<p><strong>Amazon Debug Console<\/strong> &#8211; zum Testen des Amazon Response mittels einer frei w\u00e4hlbaren ASIN<\/p>\n<p><strong>Assets Download<\/strong> &#8211;\u00a0Download der Assets f\u00fcr die Produkte &#8211; das gilt f\u00fcr alle Produkte, speziell f\u00fcr Produkte mit vielen Variationen<\/p>\n<p><strong>Cronjobs<\/strong> &#8211; erlaubt den Blick auf die eingerichteten Cronjobs<\/p>\n<p><strong>Insane Import Mode<\/strong> &#8211;\u00a0Mit diesem Modul k\u00f6nnen Hunderte von ASIN-Codes auf verschiedene Arten importiert werden.<\/p>\n<p><strong>Modules Manager<\/strong> &#8211; aktivieren und deaktivieren der optionalen Bestandteile des Plugins<\/p>\n<p><strong>Price Select<\/strong> &#8211; erm\u00f6glicht das manuelle Ausw\u00e4hlen von Produktpreisen<\/p>\n<p><strong>Server Status<\/strong> &#8211;\u00a0Mithilfe des Serverstatusmoduls k\u00f6nnen Sie \u00fcberpr\u00fcfen, ob Ihre Installation korrekt ist, ob Sie die richtige Serverkonfiguration haben und den Produktimport testen.<\/p>\n<p><strong>Setup \/Backup<\/strong> &#8211;\u00a0Mit dem Setup-Backup-Modul k\u00f6nnen Sie das Plug-In einfach einrichten und Backup-Einstellungen exportieren, wenn Sie den Server wechseln.<\/p>\n<p><strong>Product Stats<\/strong> &#8211; Status\u00fcbersicht der Produkte<\/p>\n<div style=\"width: 640px;\" class=\"wp-video\"><video class=\"wp-video-shortcode\" id=\"video-3852-1\" width=\"640\" height=\"360\" preload=\"metadata\" controls=\"controls\"><source type=\"video\/mp4\" src=\"https:\/\/s3.envato.com\/h264-video-previews\/2aed5c5f-2d9e-4d40-8819-6cb8489c14c2\/1029817.mp4?_=1\" \/><a href=\"https:\/\/s3.envato.com\/h264-video-previews\/2aed5c5f-2d9e-4d40-8819-6cb8489c14c2\/1029817.mp4\" target=\"_blank\" rel=\"noopener\">https:\/\/s3.envato.com\/h264-video-previews\/2aed5c5f-2d9e-4d40-8819-6cb8489c14c2\/1029817.mp4<\/a><\/video><\/div>\n<h3>Ausw\u00e4hlbare Module<\/h3>\n<p>die Aktivierung dieser im Plugin enthaltenen Module erweitert die Funktionalit\u00e4t des Plugins<\/p>\n<p><strong>Amazon Recommondations<\/strong> &#8211;\u00a0erm\u00f6glicht die Suche und den Import von Produkten aufgrund eines Schl\u00fcsselwortes. Wenn Sie beispielsweise einen Sneakers-Shop aus der Kombination WorPress &amp; WooCommerce erstellen, so gen\u00fcgt die Eingabe des Suchbegriffs &#8222;Sneakers&#8220; um eine Auswahl einfach per Knopfdruck zu importierender Produkte zu erhalten.<\/p>\n<p><strong>Advanced Search<\/strong> &#8211;\u00a0Mit diesem Modul k\u00f6nnen mehrere Produkte auf einmal in in den Online-Shop importiert werden.<\/p>\n<p><strong>ASIN Grabber<\/strong> &#8211;\u00a0Mit diesem Modul k\u00f6nnen Sie Hunderte von ASIN-Codes von Amazon-Seiten importieren, wie zB: Bestseller, Am meisten gew\u00fcnscht, usw. Hierzu wird eine Amazon-URL eingegeben (z. B.\u00a0http:\/\/www.amazon.de\/gp\/top-rated) und ein Seite-Typ ausgew\u00e4hlt. Nach Klick auf &#8222;Get ASIN Codes&#8220; erh\u00e4lt man eine Liste von ASIN Codes, die direkt an die Import Queue \u00fcbergeben werden kann.<\/p>\n<p><strong>Auto Import Products<\/strong> &#8211; Erlaubt die Planung von Intervallen zum automatischen Abrufen von Produkten.<\/p>\n<p><strong>Amazon Content Spinner<\/strong> &#8211; OnPage Optimization f\u00fcr Amazon Produkte. Durch eine w\u00e4hlbare Anzahl von \u00c4nderungen (&#8222;Replacements&#8220;) wird der Text ver\u00e4ndert, so dass das bei nahezu allen Amazon-Affiliate Seiten bestehende Duplicate Content Problem vermieden werden soll. Auch wenn es f\u00fcr den deutschen Sprachgebrauch bisher nur begrenzt nutzbar ist und keinesfalls automatisiert genutzt werden kann, bietet es doch interessante Ans\u00e4tze zur Textver\u00e4nderung.<\/p>\n<p><strong>CSV Bulk Products Import<\/strong> &#8211; wie der Name sagt: stapelweises Importieren von ASIN-Listen<\/p>\n<p><strong>Product in Post<\/strong> &#8211; es k\u00f6nnen mittels Schaltfl\u00e4che sehr einfach Produkte (Text, Artikelbeschreibung, Preis und Bestell-Button) in Beitr\u00e4ge integriert werden. Optimal f\u00fcr Produkttest-Seiten<\/p>\n<p><strong>WooZone Report<\/strong> &#8211; sendet regelm\u00e4\u00dfig per Mail Status-Reports &#8222;<em>Products Performance &amp; Sync Stats<\/em>&#8220; und &#8222;<em>Auto Import Product: Queue &amp; Search<\/em>&#8220;<\/p>\n<p><strong>Speed Optimization<\/strong> &#8211; Dieses Modul wird Ihnen helfen, alle Ihre Amazon-Produkte basierend auf den hier eingerichteten Optionen zu optimieren, um eine bessere Website-Geschwindigkeit \/ Ladezeit zu erreichen.<\/p>\n<p><strong>Product Synchronization<\/strong> &#8211; aktualisiert gew\u00e4hlte Produkt-Attribute anhand auf dem Server konfigurierter Cronjobs<\/p>\n<p><strong>WooZone Wizard<\/strong> &#8211; der WZone Setup Wizard<\/p>\n<p style=\"text-align: center;\"><div  class='avia-button-wrap av-1vja4c-02cd01d9648548e237ed6c55af9cd77b-wrap avia-button-center  avia-builder-el-0  avia-builder-el-no-sibling '><a href=\"https:\/\/codecanyon.net\/item\/woocommerce-amazon-affiliates-wordpress-plugin\/3057503?ref=axxl-h\" class=\"avia-button av-1vja4c-02cd01d9648548e237ed6c55af9cd77b av-link-btn avia-icon_select-yes-left-icon avia-size-small avia-position-center avia-color-theme-color\" target=\"_blank\" rel=\"noopener noreferrer\" aria-label=\"Zur Plugin-Seite\"><span class='avia_button_icon avia_button_icon_left avia-iconfont avia-font-entypo-fontello' data-av_icon='\ue924' data-av_iconfont='entypo-fontello' ><\/span><span class='avia_iconbox_title' >Zur Plugin-Seite<\/span><\/a><\/div><\/p>\n<p style=\"text-align: center;\">[adrotate banner=&#8220;6&#8243;]<\/p>\n","protected":false},"excerpt":{"rendered":"<p>Die grundlegende Funktionalit\u00e4t des WordPress-Plugin WooCommerce Amazon Affiliates (WooZone) ist, dass Sie Produkte von Amazon in Ihre WordPress + WooCommerce-Website importieren k\u00f6nnen. F\u00fcr diese Produkte synchronisiert das Plug-In dann die importierten Produkte, die Synchronisierung kann flexibel eingerichtet werden (manuell, Cron-Job). Ein sehr angenehmer Zusatznutzen dieses WordPress \/ WooCommerce Amazon Plugin ist das 90-Tage-Cookie-Feature.\u00a0Mit der 90-Tage-Cookie-Funktion [&hellip;]<\/p>\n","protected":false},"featured_media":3854,"comment_status":"open","ping_status":"closed","template":"","meta":[],"product_brand":[],"product_cat":[259,260],"product_tag":[263,262,261],"class_list":{"0":"post-3852","1":"product","2":"type-product","3":"status-publish","4":"has-post-thumbnail","6":"product_cat-wordpress","7":"product_cat-plugins","8":"product_tag-amazon","9":"product_tag-woocommerce","10":"product_tag-wordpress","12":"first","13":"instock","14":"shipping-taxable","15":"product-type-external"},"_links":{"self":[{"href":"https:\/\/webmasters-toolbox.de\/en\/wp-json\/wp\/v2\/product\/3852","targetHints":{"allow":["GET"]}}],"collection":[{"href":"https:\/\/webmasters-toolbox.de\/en\/wp-json\/wp\/v2\/product"}],"about":[{"href":"https:\/\/webmasters-toolbox.de\/en\/wp-json\/wp\/v2\/types\/product"}],"replies":[{"embeddable":true,"href":"https:\/\/webmasters-toolbox.de\/en\/wp-json\/wp\/v2\/comments?post=3852"}],"wp:featuredmedia":[{"embeddable":true,"href":"https:\/\/webmasters-toolbox.de\/en\/wp-json\/wp\/v2\/media\/3854"}],"wp:attachment":[{"href":"https:\/\/webmasters-toolbox.de\/en\/wp-json\/wp\/v2\/media?parent=3852"}],"wp:term":[{"taxonomy":"product_brand","embeddable":true,"href":"https:\/\/webmasters-toolbox.de\/en\/wp-json\/wp\/v2\/product_brand?post=3852"},{"taxonomy":"product_cat","embeddable":true,"href":"https:\/\/webmasters-toolbox.de\/en\/wp-json\/wp\/v2\/product_cat?post=3852"},{"taxonomy":"product_tag","embeddable":true,"href":"https:\/\/webmasters-toolbox.de\/en\/wp-json\/wp\/v2\/product_tag?post=3852"}],"curies":[{"name":"wp","href":"https:\/\/api.w.org\/{rel}","templated":true}]}}