{"id":4269,"date":"2018-08-03T17:57:37","date_gmt":"2018-08-03T15:57:37","guid":{"rendered":"http:\/\/webmasters-toolbox.de\/?post_type=product&#038;p=4269"},"modified":"2018-08-03T18:17:32","modified_gmt":"2018-08-03T16:17:32","slug":"twitter-eine-wahre-geschichte-von-geld-macht-freundschaft-und-verrat","status":"publish","type":"product","link":"https:\/\/webmasters-toolbox.de\/en\/toolbox\/twitter-eine-wahre-geschichte-von-geld-macht-freundschaft-und-verrat\/","title":{"rendered":"Twitter: Eine wahre Geschichte von Geld, Macht, Freundschaft und Verrat"},"content":{"rendered":"<h2 id=\"title\" class=\"a-size-large a-spacing-none\"><span id=\"productTitle\" class=\"a-size-large\">von Bilton, Nick (2013) <\/span><\/h2>\n<h3 class=\"a-size-large a-spacing-none\"><span id=\"productTitle\" class=\"a-size-large\">Gebundene Ausgabe<\/span><\/h3>\n<p>Zeitgeistiges Gezwitscher und Business-News. Klatsch und politischer Protest &#8211; zusammengefasst in 140 Zeichen, verbreitet in Echtzeit, mit heute 200 Millionen aktiven Usern. Auf den ersten Blick ist Twitter die perfekte Erfolgsgeschichte eines Start-up. Ein 11,5 Milliarden-Dollar-Gesch\u00e4ft aus der Asche eines gescheiterten Podcast-Unternehmens, das unsere Kommunikation v\u00f6llig ver\u00e4ndert hat &#8211; und nebenbei die Welt.<\/p>\n<p>Doch wie sieht es hinter der Fassade aus? Nick Bilton nimmt uns mit ins Innere von Twitter und erz\u00e4hlt, wie eine kleine Gruppe junger ehrgeiziger Programmierer zu milliardenschweren und einflussreichen Ber\u00fchmtheiten wurde. Es ist eine Geschichte von Rivalit\u00e4ten, erbitterten Machtk\u00e4mpfen und verratener Freundschaft. Ein wahrer Business-Thriller aus Silicon Valley. Fortsetzung folgt&#8230;<\/p>\n<p><em><strong>Nick Bilton<\/strong> ist Kolumnist und Reporter f\u00fcr die New York Times und leitet deren popul\u00e4ren <a href=\"https:\/\/www.nytimes.com\/column\/bits\" target=\"_blank\" rel=\"noopener\">Bits Blog<\/a>, das sich der Internet-Revolution und den sich daraus ergebenden technologischen, wirtschaftlichen und kulturellen Zukunftsfragen widmet. Anhand von tausenden Dokumenten und in hunderten von Interviewstunden hat er sich ins Innere des Planeten &#8222;Twitter&#8220; vorgearbeitet. Bilton lebt mit seinem Hund Pixel in San Francisco.<\/em><\/p>\n<div  class='avia-button-wrap av-20roul-d0059eb124bb2e34a50dbebc55dce36b-wrap avia-button-center  avia-builder-el-0  avia-builder-el-no-sibling'><a href=\"https:\/\/amzn.to\/2AFqB12\" class=\"avia-button av-20roul-d0059eb124bb2e34a50dbebc55dce36b av-link-btn avia-icon_select-yes-left-icon avia-size-medium avia-position-center av-icon-on-hover avia-color-theme-color\" target=\"_blank\" rel=\"noopener noreferrer\" aria-label=\"Auf Amazon anschauen\"><span class='avia_button_icon avia_button_icon_left avia-iconfont avia-font-entypo-fontello' data-av_icon='\ue924' data-av_iconfont='entypo-fontello' ><\/span><span class='avia_iconbox_title' >Auf Amazon anschauen<\/span><\/a><\/div>","protected":false},"excerpt":{"rendered":"<p>&#8222;<em>&#8230; Er hatte keine Ahnung, dass er in einigen Monaten gar nichts mehr mit dem Unternehmen zu tun haben w\u00fcrde. Biz und Jason folgten ihm den Korridor entlang. wie sie es jahrelang getan hatten, nicht ahnend, dass man auch sie zu gegebener Zeit aus dem Unternehmen dr\u00e4ngen w\u00fcrde. Schweigend gingen sie in die Firmencafeteria, vorbei an bunten W\u00e4nden, wei\u00dfen Freischwingern und ratlosen Mitarbeitern, die sich einen Sitzplatz suchten. Keiner der Twitter-Mitarbeiter wusste, was sie von ihrem beliebten Chef, Evan Williams, zu h\u00f6ren bekommen w\u00fcrden. Sie hatten keine Ahnung, dass das Unternehmen, f\u00fcr das sie arbeiteten und das die Welt in vielf\u00e4ltiger Hinsicht ver\u00e4ndert hatte, im Begriff stand, sich selbst f\u00fcr immer zu ver\u00e4ndern. &#8230;<\/em>&#8220;<\/p>\n<p><em>aus dem Inhalt<\/em><\/p>","protected":false},"featured_media":4261,"comment_status":"open","ping_status":"closed","template":"","meta":[],"product_brand":[],"product_cat":[211],"product_tag":[],"class_list":{"0":"post-4269","1":"product","2":"type-product","3":"status-publish","4":"has-post-thumbnail","6":"product_cat-fachliteratur","8":"first","9":"instock","10":"shipping-taxable","11":"product-type-external"},"_links":{"self":[{"href":"https:\/\/webmasters-toolbox.de\/en\/wp-json\/wp\/v2\/product\/4269","targetHints":{"allow":["GET"]}}],"collection":[{"href":"https:\/\/webmasters-toolbox.de\/en\/wp-json\/wp\/v2\/product"}],"about":[{"href":"https:\/\/webmasters-toolbox.de\/en\/wp-json\/wp\/v2\/types\/product"}],"replies":[{"embeddable":true,"href":"https:\/\/webmasters-toolbox.de\/en\/wp-json\/wp\/v2\/comments?post=4269"}],"wp:featuredmedia":[{"embeddable":true,"href":"https:\/\/webmasters-toolbox.de\/en\/wp-json\/wp\/v2\/media\/4261"}],"wp:attachment":[{"href":"https:\/\/webmasters-toolbox.de\/en\/wp-json\/wp\/v2\/media?parent=4269"}],"wp:term":[{"taxonomy":"product_brand","embeddable":true,"href":"https:\/\/webmasters-toolbox.de\/en\/wp-json\/wp\/v2\/product_brand?post=4269"},{"taxonomy":"product_cat","embeddable":true,"href":"https:\/\/webmasters-toolbox.de\/en\/wp-json\/wp\/v2\/product_cat?post=4269"},{"taxonomy":"product_tag","embeddable":true,"href":"https:\/\/webmasters-toolbox.de\/en\/wp-json\/wp\/v2\/product_tag?post=4269"}],"curies":[{"name":"wp","href":"https:\/\/api.w.org\/{rel}","templated":true}]}}