{"id":4935,"date":"2025-01-18T15:03:52","date_gmt":"2025-01-18T14:03:52","guid":{"rendered":"https:\/\/webmasters-toolbox.de\/?post_type=product&#038;p=4935"},"modified":"2025-01-18T15:03:52","modified_gmt":"2025-01-18T14:03:52","slug":"gsc-helper","status":"publish","type":"product","link":"https:\/\/webmasters-toolbox.de\/en\/toolbox\/gsc-helper\/","title":{"rendered":"GSC Helper"},"content":{"rendered":"<p>Der <strong>GSC Helper<\/strong> ist ein kostenloses Browser-Plugin f\u00fcr Google Chrome, entwickelt von Stephan Czysch, das die Funktionalit\u00e4t der Google Search Console (GSC) erweitert und die Datenanalyse erleichtert.<\/p>\n<h2>Hauptfunktionen:<\/h2>\n<p><strong>&#8211; Aggregierte Leistungsdaten:<\/strong> Darstellung der Performance-Daten auf Wochen-, Monats- oder Quartalsbasis, um Trends besser zu erkennen.<\/p>\n<p><strong>&#8211; Schneller Zugriff auf aktuelle URLs:<\/strong> Mit einem Klick kann die aktuell besuchte Seite in der GSC analysiert werden, was den Arbeitsablauf optimiert.<\/p>\n<p><strong>&#8211; Einfache Zeitraumauswahl:<\/strong> Vordefinierte Zeitr\u00e4ume wie &#8222;letzter Monat&#8220; oder &#8222;Monat bis Datum&#8220; k\u00f6nnen schnell ausgew\u00e4hlt und verglichen werden.<\/p>\n<p><strong>&#8211; Regul\u00e4re Ausdr\u00fccke (RegEx):<\/strong> M\u00f6glichkeit, eigene RegEx-Filter zu speichern und zu laden, um spezifische Abfragen oder URLs zu filtern.<\/p>\n<p><strong>&#8211; Analyse des Traffic-Anteils:<\/strong> Identifizierung der Top-Performing-Seiten und -Verzeichnisse zur gezielten Optimierung.<\/p>\n<p>Der GSC Helper ben\u00f6tigt keinen direkten Zugriff auf Ihre GSC-Eigenschaften. Er liest und visualisiert die Daten aus dem aktuellen Browser-Tab auf Anfrage, wobei keine Daten extern geteilt werden.<\/p>\n<p>Das Plugin ist im Chrome Web Store verf\u00fcgbar und kann kostenlos installiert werden.<\/p>\n<div  class='avia-button-wrap av-3a307r-4d7b05779d482c4fde64f7e6881d0cb2-wrap avia-button-center  avia-builder-el-0  avia-builder-el-no-sibling'><a href=\"https:\/\/chromewebstore.google.com\/detail\/gsc-helper-by-searchanaly\/gnhafaadncbkbdkbkjejdaofoameoede\" class=\"avia-button av-3a307r-4d7b05779d482c4fde64f7e6881d0cb2 av-link-btn avia-icon_select-yes-left-icon avia-size-small avia-position-center av-icon-on-hover avia-color-theme-color\" target=\"_blank\" rel=\"noopener noreferrer\" aria-label=\"GSC HELPER im GOOGLE Play Store\"><span class='avia_button_icon avia_button_icon_left avia-iconfont avia-font-entypo-fontello' data-av_icon='\ue832' data-av_iconfont='entypo-fontello' ><\/span><span class='avia_iconbox_title' >GSC HELPER im GOOGLE Play Store<\/span><\/a><\/div>","protected":false},"excerpt":{"rendered":"<p>Der GSC Helper ist ein kostenloses Browser-Plugin f\u00fcr Google Chrome, entwickelt von Stephan Czysch, das die Funktionalit\u00e4t der Google Search Console (GSC) erweitert und die Datenanalyse erleichtert. Hauptfunktionen: &#8211; Aggregierte Leistungsdaten: Darstellung der Performance-Daten auf Wochen-, Monats- oder Quartalsbasis, um Trends besser zu erkennen. &#8211; Schneller Zugriff auf aktuelle URLs: Mit einem Klick kann die [&hellip;]<\/p>\n","protected":false},"featured_media":4936,"comment_status":"open","ping_status":"closed","template":"","meta":[],"product_brand":[],"product_cat":[273,238],"product_tag":[369,368],"class_list":{"0":"post-4935","1":"product","2":"type-product","3":"status-publish","4":"has-post-thumbnail","6":"product_cat-unkategorisiert","7":"product_cat-webanalytik-2","8":"product_tag-browser-plugin","9":"product_tag-google-search-console","11":"first","12":"instock","13":"shipping-taxable","14":"product-type-simple"},"_links":{"self":[{"href":"https:\/\/webmasters-toolbox.de\/en\/wp-json\/wp\/v2\/product\/4935","targetHints":{"allow":["GET"]}}],"collection":[{"href":"https:\/\/webmasters-toolbox.de\/en\/wp-json\/wp\/v2\/product"}],"about":[{"href":"https:\/\/webmasters-toolbox.de\/en\/wp-json\/wp\/v2\/types\/product"}],"replies":[{"embeddable":true,"href":"https:\/\/webmasters-toolbox.de\/en\/wp-json\/wp\/v2\/comments?post=4935"}],"wp:featuredmedia":[{"embeddable":true,"href":"https:\/\/webmasters-toolbox.de\/en\/wp-json\/wp\/v2\/media\/4936"}],"wp:attachment":[{"href":"https:\/\/webmasters-toolbox.de\/en\/wp-json\/wp\/v2\/media?parent=4935"}],"wp:term":[{"taxonomy":"product_brand","embeddable":true,"href":"https:\/\/webmasters-toolbox.de\/en\/wp-json\/wp\/v2\/product_brand?post=4935"},{"taxonomy":"product_cat","embeddable":true,"href":"https:\/\/webmasters-toolbox.de\/en\/wp-json\/wp\/v2\/product_cat?post=4935"},{"taxonomy":"product_tag","embeddable":true,"href":"https:\/\/webmasters-toolbox.de\/en\/wp-json\/wp\/v2\/product_tag?post=4935"}],"curies":[{"name":"wp","href":"https:\/\/api.w.org\/{rel}","templated":true}]}}